{"id":9,"date":"2024-04-20T09:56:55","date_gmt":"2024-04-20T06:56:55","guid":{"rendered":"https:\/\/pludmalesteniss.lv\/?page_id=9"},"modified":"2025-08-06T08:41:01","modified_gmt":"2025-08-06T05:41:01","slug":"contact","status":"publish","type":"page","link":"https:\/\/pludmalesteniss.lv\/ru\/contact\/","title":{"rendered":"\u041a\u043e\u043d\u0442\u0430\u043a\u0442\u044b"},"content":{"rendered":"<div class=\"wp-block-cover alignfull is-light\" style=\"min-height:300px;aspect-ratio:unset;\"><span aria-hidden=\"true\" class=\"wp-block-cover__background has-nv-site-bg-background-color has-background-dim-100 has-background-dim\"><\/span><div class=\"wp-block-cover__inner-container is-layout-flow wp-block-cover-is-layout-flow\">\n<div class=\"wp-block-group\"><div class=\"wp-block-group__inner-container is-layout-flow wp-block-group-is-layout-flow\">\n<h1 class=\"wp-block-heading has-text-align-left has-neve-text-color-color has-text-color\">\u0421\u0432\u044f\u0436\u0438\u0442\u0435\u0441\u044c \u0441 \u043d\u0430\u043c\u0438<\/h1>\n<\/div><\/div>\n<\/div><\/div>\n\n\n\n<div class=\"wp-block-cover alignfull is-light\" style=\"min-height:420px;aspect-ratio:unset;\"><span aria-hidden=\"true\" class=\"wp-block-cover__background has-nv-light-bg-background-color has-background-dim-100 has-background-dim\"><\/span><div class=\"wp-block-cover__inner-container is-layout-flow wp-block-cover-is-layout-flow\">\n<div style=\"height:80px\" aria-hidden=\"true\" class=\"wp-block-spacer\"><\/div>\n\n\n\n<div class=\"wp-block-columns is-layout-flex wp-container-core-columns-is-layout-1 wp-block-columns-is-layout-flex\">\n<div class=\"wp-block-column is-layout-flow wp-block-column-is-layout-flow\">\n<div style=\"height:24px\" aria-hidden=\"true\" class=\"wp-block-spacer\"><\/div>\n\n\n<div class=\"wp-block-image is-resized icon-style is-style-rounded\">\n<figure class=\"aligncenter\"><img decoding=\"async\" src=\"https:\/\/pludmalesteniss.lv\/wp-content\/themes\/neve\/assets\/img\/starter-content\/icon-05.svg\" alt=\"\"\/><\/figure><\/div>\n\n\n<h3 class=\"wp-block-heading has-text-align-center has-neve-text-color-color has-text-color\">\u0417\u0432\u043e\u043d\u0438\u0442\u0435<\/h3>\n\n\n\n<p class=\"has-text-align-center has-neve-text-color-color has-text-color\" style=\"font-size:15px\">+371 28 84 55 84<\/p>\n\n\n\n<div style=\"height:24px\" aria-hidden=\"true\" class=\"wp-block-spacer\"><\/div>\n<\/div>\n\n\n\n<div class=\"wp-block-column is-layout-flow wp-block-column-is-layout-flow\">\n<div style=\"height:24px\" aria-hidden=\"true\" class=\"wp-block-spacer\"><\/div>\n\n\n<div class=\"wp-block-image is-resized icon-style is-style-rounded\">\n<figure class=\"aligncenter\"><img decoding=\"async\" src=\"https:\/\/pludmalesteniss.lv\/wp-content\/themes\/neve\/assets\/img\/starter-content\/icon-06.svg\" alt=\"\"\/><\/figure><\/div>\n\n\n<h3 class=\"wp-block-heading has-text-align-center has-neve-text-color-color has-text-color\">\u042d\u043b\u0435\u043a\u0442\u0440\u043e\u043d\u043d\u0430\u044f \u043f\u043e\u0447\u0442\u0430<\/h3>\n\n\n\n<p class=\"has-text-align-center has-neve-text-color-color has-text-color\" style=\"font-size:15px\">info@pludmalesteniss.lv<\/p>\n\n\n\n<div style=\"height:24px\" aria-hidden=\"true\" class=\"wp-block-spacer\"><\/div>\n<\/div>\n\n\n\n<div class=\"wp-block-column is-layout-flow wp-block-column-is-layout-flow\">\n<div style=\"height:24px\" aria-hidden=\"true\" class=\"wp-block-spacer\"><\/div>\n\n\n<div class=\"wp-block-image is-resized icon-style is-style-rounded\">\n<figure class=\"aligncenter\"><img decoding=\"async\" src=\"https:\/\/pludmalesteniss.lv\/wp-content\/themes\/neve\/assets\/img\/starter-content\/icon-04.svg\" alt=\"\"\/><\/figure><\/div>\n\n\n<h3 class=\"wp-block-heading has-text-align-center has-neve-text-color-color has-text-color\">\u041a\u043e\u043d\u0442\u043e\u0440\u0430<\/h3>\n\n\n\n<p class=\"has-text-align-center has-neve-text-color-color has-text-color\" style=\"font-size:15px\">Zemes iela 2 &#8211; 123, R\u012bga, LV-1082<\/p>\n\n\n\n<div style=\"height:24px\" aria-hidden=\"true\" class=\"wp-block-spacer\"><\/div>\n<\/div>\n<\/div>\n\n\n\n<div style=\"height:30px\" aria-hidden=\"true\" class=\"wp-block-spacer\"><\/div>\n<\/div><\/div>\n\n\n\n<div class=\"wp-block-cover alignfull is-light\" style=\"min-height:600px;aspect-ratio:unset;\"><span aria-hidden=\"true\" class=\"wp-block-cover__background has-nv-dark-bg-background-color has-background-dim-100 has-background-dim\"><\/span><div class=\"wp-block-cover__inner-container is-layout-flow wp-block-cover-is-layout-flow\">\n<div class=\"wp-block-group\"><div class=\"wp-block-group__inner-container is-layout-flow wp-block-group-is-layout-flow\">\n<div style=\"height:80px\" aria-hidden=\"true\" class=\"wp-block-spacer\"><\/div>\n\n\n\n<div class=\"wp-block-columns is-layout-flex wp-container-core-columns-is-layout-2 wp-block-columns-is-layout-flex\">\n<div class=\"wp-block-column is-vertically-aligned-center is-layout-flow wp-block-column-is-layout-flow\" style=\"flex-basis:50%\">\n<h2 class=\"wp-block-heading has-nv-text-dark-bg-color has-text-color\">\u0420\u0435\u043a\u0432\u0438\u0437\u0438\u0442\u044b<\/h2>\n\n\n\n<p class=\"has-white-color has-text-color\">Pludmales tenisa pas\u0101kumi Latvij\u0101 pieaugu\u0161ajiem un b\u0113rniem, pludmales tenisa att\u012bst\u012bba Latvij\u0101:<br><strong><strong>pludmalesteniss.lv<\/strong><\/strong> biedr\u012bba<br>Vienotais re\u0123istr\u0101cijas numurs <strong><strong>40008342715<\/strong><\/strong><br>Juridisk\u0101 adrese Zemes iela 2 &#8211; 123, R\u012bga, LV-1082<br>Akciju sabiedr\u012bba &#8220;Citadele banka&#8221;<br>LV78 PARX 0033 1225 3000 1<br>PARXLV22 XXX<\/p>\n<\/div>\n\n\n\n<div class=\"wp-block-column is-vertically-aligned-center is-layout-flow wp-block-column-is-layout-flow\" style=\"flex-basis:50%\">\n<figure class=\"wp-block-image size-full is-resized\"><img loading=\"lazy\" decoding=\"async\" width=\"750\" height=\"1000\" src=\"https:\/\/pludmalesteniss.lv\/wp-content\/uploads\/2024\/04\/riga-map-bw-2.jpg\" alt=\"\" class=\"wp-image-125\" style=\"width:423px;height:auto\" srcset=\"https:\/\/pludmalesteniss.lv\/wp-content\/uploads\/2024\/04\/riga-map-bw-2.jpg 750w, https:\/\/pludmalesteniss.lv\/wp-content\/uploads\/2024\/04\/riga-map-bw-2-225x300.jpg 225w, https:\/\/pludmalesteniss.lv\/wp-content\/uploads\/2024\/04\/riga-map-bw-2-9x12.jpg 9w\" sizes=\"auto, (max-width: 750px) 100vw, 750px\" \/><\/figure>\n<\/div>\n<\/div>\n\n\n\n<div style=\"height:40px\" aria-hidden=\"true\" class=\"wp-block-spacer\"><\/div>\n<\/div><\/div>\n<\/div><\/div>","protected":false},"excerpt":{"rendered":"","protected":false},"author":1,"featured_media":0,"parent":0,"menu_order":0,"comment_status":"closed","ping_status":"closed","template":"","meta":{"neve_meta_sidebar":"","neve_meta_container":"","neve_meta_enable_content_width":"on","neve_meta_content_width":100,"neve_meta_title_alignment":"","neve_meta_author_avatar":"","neve_post_elements_order":"","neve_meta_disable_header":"","neve_meta_disable_footer":"","neve_meta_disable_title":"on","footnotes":""},"class_list":["post-9","page","type-page","status-publish","hentry"],"yoast_head":"<!-- This site is optimized with the Yoast SEO plugin v23.0 - https:\/\/yoast.com\/wordpress\/plugins\/seo\/ -->\n<title>Kontakti - PLUDMALES TENISS<\/title>\n<meta name=\"robots\" content=\"index, follow, max-snippet:-1, max-image-preview:large, max-video-preview:-1\" \/>\n<link rel=\"canonical\" href=\"https:\/\/pludmalesteniss.lv\/ru\/contact\/\" \/>\n<meta property=\"og:locale\" content=\"ru_RU\" \/>\n<meta property=\"og:type\" content=\"article\" \/>\n<meta property=\"og:title\" content=\"Kontakti - PLUDMALES TENISS\" \/>\n<meta property=\"og:url\" content=\"https:\/\/pludmalesteniss.lv\/ru\/contact\/\" \/>\n<meta property=\"og:site_name\" content=\"PLUDMALES TENISS\" \/>\n<meta property=\"article:modified_time\" content=\"2025-08-06T05:41:01+00:00\" \/>\n<meta property=\"og:image\" content=\"https:\/\/pludmalesteniss.lv\/wp-content\/themes\/neve\/assets\/img\/starter-content\/icon-05.svg\" \/>\n<meta name=\"twitter:card\" content=\"summary_large_image\" \/>\n<meta name=\"twitter:label1\" content=\"\u041f\u0440\u0438\u043c\u0435\u0440\u043d\u043e\u0435 \u0432\u0440\u0435\u043c\u044f \u0434\u043b\u044f \u0447\u0442\u0435\u043d\u0438\u044f\" \/>\n\t<meta name=\"twitter:data1\" content=\"2 \u043c\u0438\u043d\u0443\u0442\u044b\" \/>\n<script type=\"application\/ld+json\" class=\"yoast-schema-graph\">{\"@context\":\"https:\/\/schema.org\",\"@graph\":[{\"@type\":\"WebPage\",\"@id\":\"https:\/\/pludmalesteniss.lv\/contact\/\",\"url\":\"https:\/\/pludmalesteniss.lv\/contact\/\",\"name\":\"Kontakti - PLUDMALES TENISS\",\"isPartOf\":{\"@id\":\"https:\/\/pludmalesteniss.lv\/#website\"},\"primaryImageOfPage\":{\"@id\":\"https:\/\/pludmalesteniss.lv\/contact\/#primaryimage\"},\"image\":{\"@id\":\"https:\/\/pludmalesteniss.lv\/contact\/#primaryimage\"},\"thumbnailUrl\":\"https:\/\/pludmalesteniss.lv\/wp-content\/themes\/neve\/assets\/img\/starter-content\/icon-05.svg\",\"datePublished\":\"2024-04-20T06:56:55+00:00\",\"dateModified\":\"2025-08-06T05:41:01+00:00\",\"breadcrumb\":{\"@id\":\"https:\/\/pludmalesteniss.lv\/contact\/#breadcrumb\"},\"inLanguage\":\"ru-RU\",\"potentialAction\":[{\"@type\":\"ReadAction\",\"target\":[\"https:\/\/pludmalesteniss.lv\/contact\/\"]}]},{\"@type\":\"ImageObject\",\"inLanguage\":\"ru-RU\",\"@id\":\"https:\/\/pludmalesteniss.lv\/contact\/#primaryimage\",\"url\":\"https:\/\/pludmalesteniss.lv\/wp-content\/themes\/neve\/assets\/img\/starter-content\/icon-05.svg\",\"contentUrl\":\"https:\/\/pludmalesteniss.lv\/wp-content\/themes\/neve\/assets\/img\/starter-content\/icon-05.svg\"},{\"@type\":\"BreadcrumbList\",\"@id\":\"https:\/\/pludmalesteniss.lv\/contact\/#breadcrumb\",\"itemListElement\":[{\"@type\":\"ListItem\",\"position\":1,\"name\":\"Home\",\"item\":\"https:\/\/pludmalesteniss.lv\/\"},{\"@type\":\"ListItem\",\"position\":2,\"name\":\"Kontakti\"}]},{\"@type\":\"WebSite\",\"@id\":\"https:\/\/pludmalesteniss.lv\/#website\",\"url\":\"https:\/\/pludmalesteniss.lv\/\",\"name\":\"LATVIJAS PLUDMALES TENISS\",\"description\":\"Pludmales teniss Latvij\u0101\",\"publisher\":{\"@id\":\"https:\/\/pludmalesteniss.lv\/#organization\"},\"potentialAction\":[{\"@type\":\"SearchAction\",\"target\":{\"@type\":\"EntryPoint\",\"urlTemplate\":\"https:\/\/pludmalesteniss.lv\/?s={search_term_string}\"},\"query-input\":\"required name=search_term_string\"}],\"inLanguage\":\"ru-RU\"},{\"@type\":\"Organization\",\"@id\":\"https:\/\/pludmalesteniss.lv\/#organization\",\"name\":\"LATVIJAS PLUDMALES TENISS\",\"url\":\"https:\/\/pludmalesteniss.lv\/\",\"logo\":{\"@type\":\"ImageObject\",\"inLanguage\":\"ru-RU\",\"@id\":\"https:\/\/pludmalesteniss.lv\/#\/schema\/logo\/image\/\",\"url\":\"https:\/\/pludmalesteniss.lv\/wp-content\/uploads\/2024\/04\/cropped-logo1.jpg\",\"contentUrl\":\"https:\/\/pludmalesteniss.lv\/wp-content\/uploads\/2024\/04\/cropped-logo1.jpg\",\"width\":512,\"height\":512,\"caption\":\"LATVIJAS PLUDMALES TENISS\"},\"image\":{\"@id\":\"https:\/\/pludmalesteniss.lv\/#\/schema\/logo\/image\/\"}}]}<\/script>\n<!-- \/ Yoast SEO plugin. -->","yoast_head_json":{"title":"Kontakti - PLUDMALES TENISS","robots":{"index":"index","follow":"follow","max-snippet":"max-snippet:-1","max-image-preview":"max-image-preview:large","max-video-preview":"max-video-preview:-1"},"canonical":"https:\/\/pludmalesteniss.lv\/ru\/contact\/","og_locale":"ru_RU","og_type":"article","og_title":"Kontakti - PLUDMALES TENISS","og_url":"https:\/\/pludmalesteniss.lv\/ru\/contact\/","og_site_name":"PLUDMALES TENISS","article_modified_time":"2025-08-06T05:41:01+00:00","og_image":[{"url":"https:\/\/pludmalesteniss.lv\/wp-content\/themes\/neve\/assets\/img\/starter-content\/icon-05.svg"}],"twitter_card":"summary_large_image","twitter_misc":{"\u041f\u0440\u0438\u043c\u0435\u0440\u043d\u043e\u0435 \u0432\u0440\u0435\u043c\u044f \u0434\u043b\u044f \u0447\u0442\u0435\u043d\u0438\u044f":"2 \u043c\u0438\u043d\u0443\u0442\u044b"},"schema":{"@context":"https:\/\/schema.org","@graph":[{"@type":"WebPage","@id":"https:\/\/pludmalesteniss.lv\/contact\/","url":"https:\/\/pludmalesteniss.lv\/contact\/","name":"Kontakti - PLUDMALES TENISS","isPartOf":{"@id":"https:\/\/pludmalesteniss.lv\/#website"},"primaryImageOfPage":{"@id":"https:\/\/pludmalesteniss.lv\/contact\/#primaryimage"},"image":{"@id":"https:\/\/pludmalesteniss.lv\/contact\/#primaryimage"},"thumbnailUrl":"https:\/\/pludmalesteniss.lv\/wp-content\/themes\/neve\/assets\/img\/starter-content\/icon-05.svg","datePublished":"2024-04-20T06:56:55+00:00","dateModified":"2025-08-06T05:41:01+00:00","breadcrumb":{"@id":"https:\/\/pludmalesteniss.lv\/contact\/#breadcrumb"},"inLanguage":"ru-RU","potentialAction":[{"@type":"ReadAction","target":["https:\/\/pludmalesteniss.lv\/contact\/"]}]},{"@type":"ImageObject","inLanguage":"ru-RU","@id":"https:\/\/pludmalesteniss.lv\/contact\/#primaryimage","url":"https:\/\/pludmalesteniss.lv\/wp-content\/themes\/neve\/assets\/img\/starter-content\/icon-05.svg","contentUrl":"https:\/\/pludmalesteniss.lv\/wp-content\/themes\/neve\/assets\/img\/starter-content\/icon-05.svg"},{"@type":"BreadcrumbList","@id":"https:\/\/pludmalesteniss.lv\/contact\/#breadcrumb","itemListElement":[{"@type":"ListItem","position":1,"name":"Home","item":"https:\/\/pludmalesteniss.lv\/"},{"@type":"ListItem","position":2,"name":"Kontakti"}]},{"@type":"WebSite","@id":"https:\/\/pludmalesteniss.lv\/#website","url":"https:\/\/pludmalesteniss.lv\/","name":"LATVIJAS PLUDMALES TENISS","description":"Pludmales teniss Latvij\u0101","publisher":{"@id":"https:\/\/pludmalesteniss.lv\/#organization"},"potentialAction":[{"@type":"SearchAction","target":{"@type":"EntryPoint","urlTemplate":"https:\/\/pludmalesteniss.lv\/?s={search_term_string}"},"query-input":"required name=search_term_string"}],"inLanguage":"ru-RU"},{"@type":"Organization","@id":"https:\/\/pludmalesteniss.lv\/#organization","name":"LATVIJAS PLUDMALES TENISS","url":"https:\/\/pludmalesteniss.lv\/","logo":{"@type":"ImageObject","inLanguage":"ru-RU","@id":"https:\/\/pludmalesteniss.lv\/#\/schema\/logo\/image\/","url":"https:\/\/pludmalesteniss.lv\/wp-content\/uploads\/2024\/04\/cropped-logo1.jpg","contentUrl":"https:\/\/pludmalesteniss.lv\/wp-content\/uploads\/2024\/04\/cropped-logo1.jpg","width":512,"height":512,"caption":"LATVIJAS PLUDMALES TENISS"},"image":{"@id":"https:\/\/pludmalesteniss.lv\/#\/schema\/logo\/image\/"}}]}},"_links":{"self":[{"href":"https:\/\/pludmalesteniss.lv\/ru\/wp-json\/wp\/v2\/pages\/9","targetHints":{"allow":["GET"]}}],"collection":[{"href":"https:\/\/pludmalesteniss.lv\/ru\/wp-json\/wp\/v2\/pages"}],"about":[{"href":"https:\/\/pludmalesteniss.lv\/ru\/wp-json\/wp\/v2\/types\/page"}],"author":[{"embeddable":true,"href":"https:\/\/pludmalesteniss.lv\/ru\/wp-json\/wp\/v2\/users\/1"}],"replies":[{"embeddable":true,"href":"https:\/\/pludmalesteniss.lv\/ru\/wp-json\/wp\/v2\/comments?post=9"}],"version-history":[{"count":21,"href":"https:\/\/pludmalesteniss.lv\/ru\/wp-json\/wp\/v2\/pages\/9\/revisions"}],"predecessor-version":[{"id":3276,"href":"https:\/\/pludmalesteniss.lv\/ru\/wp-json\/wp\/v2\/pages\/9\/revisions\/3276"}],"wp:attachment":[{"href":"https:\/\/pludmalesteniss.lv\/ru\/wp-json\/wp\/v2\/media?parent=9"}],"curies":[{"name":"wp","href":"https:\/\/api.w.org\/{rel}","templated":true}]}}