{"id":2435,"date":"2024-12-19T08:49:26","date_gmt":"2024-12-19T06:49:26","guid":{"rendered":"https:\/\/pludmalesteniss.lv\/?page_id=2435"},"modified":"2025-10-12T16:03:31","modified_gmt":"2025-10-12T13:03:31","slug":"sac-spelet-pludmales-tenisu","status":"publish","type":"page","link":"https:\/\/pludmalesteniss.lv\/ru\/sac-spelet-pludmales-tenisu\/","title":{"rendered":"S\u0101c sp\u0113l\u0113t!"},"content":{"rendered":"<p>\u041f\u043b\u044f\u0436\u043d\u044b\u0439 \u0442\u0435\u043d\u043d\u0438\u0441 \u2014 \u044d\u0442\u043e \u043d\u0435 \u043f\u0440\u043e\u0441\u0442\u043e \u0441\u043f\u043e\u0440\u0442, \u044d\u0442\u043e \u0441\u0442\u0438\u043b\u044c \u0436\u0438\u0437\u043d\u0438! \u0412\u0435\u0441\u0435\u043b\u0430\u044f \u0430\u0442\u043c\u043e\u0441\u0444\u0435\u0440\u0430, \u043d\u043e\u0432\u044b\u0435 \u0434\u0440\u0443\u0437\u044c\u044f \u0438 \u043c\u043e\u0440\u0435 \u043f\u043e\u0437\u0438\u0442\u0438\u0432\u0430 \u0436\u0434\u0443\u0442 \u0432\u0430\u0441 \u043d\u0430 \u043a\u043e\u0440\u0442\u0435.<\/p>\n\n\n\n<p><strong>\u041f\u043e\u0447\u0435\u043c\u0443 \u043f\u043b\u044f\u0436\u043d\u044b\u0439 \u0442\u0435\u043d\u043d\u0438\u0441 \u2014 \u044d\u0442\u043e \u043a\u043b\u0430\u0441\u0441\u043d\u043e?<\/strong><br>\ud83d\udd38 \u042d\u043d\u0435\u0440\u0433\u0438\u0447\u043d\u0430\u044f \u0438\u0433\u0440\u0430, \u043a\u043e\u0442\u043e\u0440\u0430\u044f \u0441\u043e\u0447\u0435\u0442\u0430\u0435\u0442 \u0432 \u0441\u0435\u0431\u0435 \u044d\u043b\u0435\u043c\u0435\u043d\u0442\u044b \u0442\u0435\u043d\u043d\u0438\u0441\u0430, \u0431\u0430\u0434\u043c\u0438\u043d\u0442\u043e\u043d\u0430 \u0438 \u0432\u043e\u043b\u0435\u0439\u0431\u043e\u043b\u0430.<br>\ud83d\udd38 \u041f\u043e\u0434\u0445\u043e\u0434\u0438\u0442 \u0434\u043b\u044f \u0432\u0441\u0435\u0445 \u0443\u0440\u043e\u0432\u043d\u0435\u0439 \u043f\u043e\u0434\u0433\u043e\u0442\u043e\u0432\u043a\u0438 \u2014 \u043e\u0442 \u043d\u043e\u0432\u0438\u0447\u043a\u043e\u0432 \u0434\u043e \u043e\u043f\u044b\u0442\u043d\u044b\u0445 \u0441\u043f\u043e\u0440\u0442\u0441\u043c\u0435\u043d\u043e\u0432.<br>\ud83d\udd38 \u0418\u0433\u0440\u0430 \u0432\u0441\u0435\u0433\u0434\u0430 \u043f\u0440\u043e\u0445\u043e\u0434\u0438\u0442 \u0432 \u0434\u0440\u0443\u0436\u0435\u0441\u043a\u043e\u0439 \u0438 \u043f\u043e\u0437\u0438\u0442\u0438\u0432\u043d\u043e\u0439 \u0430\u0442\u043c\u043e\u0441\u0444\u0435\u0440\u0435.<\/p>\n\n\n\n<p><strong>\u0410\u0431\u0441\u043e\u043b\u044e\u0442\u043d\u0430\u044f \u0431\u0435\u0437\u043e\u043f\u0430\u0441\u043d\u043e\u0441\u0442\u044c!<br><\/strong>\u0417\u0430\u0431\u0443\u0434\u044c\u0442\u0435 \u043e \u0436\u0435\u0441\u0442\u043a\u0438\u0445 \u043f\u043e\u043a\u0440\u044b\u0442\u0438\u044f\u0445! \u041f\u043b\u044f\u0436\u043d\u044b\u0439 \u0442\u0435\u043d\u043d\u0438\u0441 \u043f\u0440\u043e\u0438\u0441\u0445\u043e\u0434\u0438\u0442 \u043d\u0430 \u043c\u044f\u0433\u043a\u043e\u043c \u043f\u0435\u0441\u043a\u0435, \u043a\u043e\u0442\u043e\u0440\u044b\u0439 \u0431\u0435\u0440\u0435\u0436\u0435\u0442 \u0432\u0430\u0448\u0438 \u0441\u0443\u0441\u0442\u0430\u0432\u044b \u0438 \u0441\u043d\u0438\u0436\u0430\u0435\u0442 \u0440\u0438\u0441\u043a \u0442\u0440\u0430\u0432\u043c. \u041a\u0430\u0436\u0434\u044b\u0439 \u043f\u0440\u044b\u0436\u043e\u043a, \u043a\u0430\u0436\u0434\u043e\u0435 \u0434\u0432\u0438\u0436\u0435\u043d\u0438\u0435 \u2014 \u044d\u0442\u043e \u0443\u0434\u043e\u0432\u043e\u043b\u044c\u0441\u0442\u0432\u0438\u0435, \u0430 \u043d\u0435 \u043d\u0430\u0433\u0440\u0443\u0437\u043a\u0430.<\/p>\n\n\n\n<p><strong>\u0414\u043b\u044f \u0432\u0441\u0435\u0445 \u0438 \u043a\u0430\u0436\u0434\u043e\u0433\u043e!<br><\/strong>\u0423 \u043d\u0430\u0441 \u0435\u0441\u0442\u044c \u0433\u0440\u0443\u043f\u043f\u044b \u0434\u043b\u044f \u043c\u0443\u0436\u0447\u0438\u043d \u0438 \u0436\u0435\u043d\u0449\u0438\u043d, \u0433\u0434\u0435 \u0432\u044b \u043d\u0430\u0439\u0434\u0435\u0442\u0435 \u043f\u0430\u0440\u0442\u043d\u0435\u0440\u0430 \u043f\u043e \u0443\u0440\u043e\u0432\u043d\u044e \u0438 \u0438\u043d\u0442\u0435\u0440\u0435\u0441\u0430\u043c. \u0418\u0433\u0440\u0430\u0439\u0442\u0435, \u0440\u0430\u0437\u0432\u0438\u0432\u0430\u0439\u0442\u0435\u0441\u044c \u0438 \u043d\u0430\u0441\u043b\u0430\u0436\u0434\u0430\u0439\u0442\u0435\u0441\u044c \u0430\u043a\u0442\u0438\u0432\u043d\u044b\u043c \u043e\u0442\u0434\u044b\u0445\u043e\u043c.<\/p>\n\n\n\n<p><strong>\u0413\u043e\u0442\u043e\u0432\u044b \u043d\u0430\u0447\u0430\u0442\u044c?<\/strong><br>\u041f\u0440\u0438\u0441\u043e\u0435\u0434\u0438\u043d\u044f\u0439\u0442\u0435\u0441\u044c \u043a \u043d\u0430\u0448\u0438\u043c \u0412\u043e\u0442\u0441\u0430\u043f\u043f \u0433\u0440\u0443\u043f\u043f\u0430\u043c \u0438 \u0443\u0437\u043d\u0430\u0439\u0442\u0435, \u043a\u043e\u0433\u0434\u0430 \u043f\u0440\u043e\u0445\u043e\u0434\u044f\u0442 \u0431\u043b\u0438\u0436\u0430\u0439\u0448\u0438\u0435 \u0438\u0433\u0440\u044b:<br>\u27a1\ufe0f <a href=\"https:\/\/chat.whatsapp.com\/DCqcsb8tgklHjr3B4gT1xI\">\u0416\u0435\u043d\u0441\u043a\u0430\u044f \u0433\u0440\u0443\u043f\u043f\u0430<\/a><br>\u27a1\ufe0f <a href=\"https:\/\/chat.whatsapp.com\/CSFWf0XX9C7GnNNAOgUjcn\">\u041c\u0443\u0436\u0441\u043a\u0430\u044f \u0433\u0440\u0443\u043f\u043f\u0430<\/a><br>\u27a1\ufe0f <a href=\"https:\/\/chat.whatsapp.com\/Ezb3SKqMqofL2DuddXqhAT\">Piektdienas r\u012bta grupa<\/a><\/p>\n\n\n\n<p>\u0417\u0430\u0440\u044f\u0434\u0438\u0442\u0435\u0441\u044c \u044d\u043d\u0435\u0440\u0433\u0438\u0435\u0439 \u0441\u043f\u043e\u0440\u0442\u0430 \u0438 \u043d\u0430\u0447\u043d\u0438\u0442\u0435 \u0441\u0432\u043e\u0439 \u043f\u0443\u0442\u044c \u0432 \u043f\u043b\u044f\u0436\u043d\u044b\u0439 \u0442\u0435\u043d\u043d\u0438\u0441 \u0443\u0436\u0435 \u0441\u0435\u0433\u043e\u0434\u043d\u044f! \ud83c\udfbe\u2728<\/p>","protected":false},"excerpt":{"rendered":"<p>Pludmales teniss nav tikai sporta veids, tas ir dz\u012bvesveids! Uz kortiem j\u016bs gaida jautra atmosf\u0113ra, jauni draugi un daudz pozitvu emociju. K\u0101p\u0113c pludmales teniss ir lielisks?\ud83d\udd38 Ener\u0123iska sp\u0113le, kas apvieno tenisa, badmintona un volejbola elementus.\ud83d\udd38 Piem\u0113rots visiem prasmju l\u012bme\u0146iem &#8211; no ies\u0101c\u0113jiem l\u012bdz pieredz\u0113ju\u0161iem sportistiem.\ud83d\udd38 Sp\u0113le vienm\u0113r tiek sp\u0113l\u0113ta draudz\u012bg\u0101 un pozit\u012bv\u0101 atmosf\u0113r\u0101. Absol\u016bta dro\u0161\u012bba!Aizmirstiet&hellip;&nbsp;<a href=\"https:\/\/pludmalesteniss.lv\/ru\/sac-spelet-pludmales-tenisu\/\" class=\"\" rel=\"bookmark\">\u041f\u043e\u0434\u0440\u043e\u0431\u043d\u0435\u0435 &raquo;<span class=\"screen-reader-text\">S\u0101c sp\u0113l\u0113t!<\/span><\/a><\/p>","protected":false},"author":1,"featured_media":0,"parent":0,"menu_order":0,"comment_status":"closed","ping_status":"closed","template":"","meta":{"neve_meta_sidebar":"","neve_meta_container":"","neve_meta_enable_content_width":"","neve_meta_content_width":0,"neve_meta_title_alignment":"","neve_meta_author_avatar":"","neve_post_elements_order":"","neve_meta_disable_header":"","neve_meta_disable_footer":"","neve_meta_disable_title":"","footnotes":""},"class_list":["post-2435","page","type-page","status-publish","hentry"],"yoast_head":"<!-- This site is optimized with the Yoast SEO plugin v23.0 - https:\/\/yoast.com\/wordpress\/plugins\/seo\/ -->\n<title>S\u0101c sp\u0113l\u0113t! - PLUDMALES TENISS<\/title>\n<meta name=\"description\" content=\"S\u0101c sp\u0113l\u0113t pludmales tenisu!\" \/>\n<meta name=\"robots\" content=\"index, follow, max-snippet:-1, max-image-preview:large, max-video-preview:-1\" \/>\n<link rel=\"canonical\" href=\"https:\/\/pludmalesteniss.lv\/ru\/sac-spelet-pludmales-tenisu\/\" \/>\n<meta property=\"og:locale\" content=\"ru_RU\" \/>\n<meta property=\"og:type\" content=\"article\" \/>\n<meta property=\"og:title\" content=\"S\u0101c sp\u0113l\u0113t! - PLUDMALES TENISS\" \/>\n<meta property=\"og:description\" content=\"S\u0101c sp\u0113l\u0113t pludmales tenisu!\" \/>\n<meta property=\"og:url\" content=\"https:\/\/pludmalesteniss.lv\/ru\/sac-spelet-pludmales-tenisu\/\" \/>\n<meta property=\"og:site_name\" content=\"PLUDMALES TENISS\" \/>\n<meta property=\"article:modified_time\" content=\"2025-10-12T13:03:31+00:00\" \/>\n<meta name=\"twitter:card\" content=\"summary_large_image\" \/>\n<meta name=\"twitter:label1\" content=\"\u041f\u0440\u0438\u043c\u0435\u0440\u043d\u043e\u0435 \u0432\u0440\u0435\u043c\u044f \u0434\u043b\u044f \u0447\u0442\u0435\u043d\u0438\u044f\" \/>\n\t<meta name=\"twitter:data1\" content=\"1 \u043c\u0438\u043d\u0443\u0442\u0430\" \/>\n<script type=\"application\/ld+json\" class=\"yoast-schema-graph\">{\"@context\":\"https:\/\/schema.org\",\"@graph\":[{\"@type\":\"WebPage\",\"@id\":\"https:\/\/pludmalesteniss.lv\/sac-spelet-pludmales-tenisu\/\",\"url\":\"https:\/\/pludmalesteniss.lv\/sac-spelet-pludmales-tenisu\/\",\"name\":\"S\u0101c sp\u0113l\u0113t! - PLUDMALES TENISS\",\"isPartOf\":{\"@id\":\"https:\/\/pludmalesteniss.lv\/#website\"},\"datePublished\":\"2024-12-19T06:49:26+00:00\",\"dateModified\":\"2025-10-12T13:03:31+00:00\",\"description\":\"S\u0101c sp\u0113l\u0113t pludmales tenisu!\",\"breadcrumb\":{\"@id\":\"https:\/\/pludmalesteniss.lv\/sac-spelet-pludmales-tenisu\/#breadcrumb\"},\"inLanguage\":\"ru-RU\",\"potentialAction\":[{\"@type\":\"ReadAction\",\"target\":[\"https:\/\/pludmalesteniss.lv\/sac-spelet-pludmales-tenisu\/\"]}]},{\"@type\":\"BreadcrumbList\",\"@id\":\"https:\/\/pludmalesteniss.lv\/sac-spelet-pludmales-tenisu\/#breadcrumb\",\"itemListElement\":[{\"@type\":\"ListItem\",\"position\":1,\"name\":\"Home\",\"item\":\"https:\/\/pludmalesteniss.lv\/\"},{\"@type\":\"ListItem\",\"position\":2,\"name\":\"S\u0101c sp\u0113l\u0113t!\"}]},{\"@type\":\"WebSite\",\"@id\":\"https:\/\/pludmalesteniss.lv\/#website\",\"url\":\"https:\/\/pludmalesteniss.lv\/\",\"name\":\"LATVIJAS PLUDMALES TENISS\",\"description\":\"Pludmales teniss Latvij\u0101\",\"publisher\":{\"@id\":\"https:\/\/pludmalesteniss.lv\/#organization\"},\"potentialAction\":[{\"@type\":\"SearchAction\",\"target\":{\"@type\":\"EntryPoint\",\"urlTemplate\":\"https:\/\/pludmalesteniss.lv\/?s={search_term_string}\"},\"query-input\":\"required name=search_term_string\"}],\"inLanguage\":\"ru-RU\"},{\"@type\":\"Organization\",\"@id\":\"https:\/\/pludmalesteniss.lv\/#organization\",\"name\":\"LATVIJAS PLUDMALES TENISS\",\"url\":\"https:\/\/pludmalesteniss.lv\/\",\"logo\":{\"@type\":\"ImageObject\",\"inLanguage\":\"ru-RU\",\"@id\":\"https:\/\/pludmalesteniss.lv\/#\/schema\/logo\/image\/\",\"url\":\"https:\/\/pludmalesteniss.lv\/wp-content\/uploads\/2024\/04\/cropped-logo1.jpg\",\"contentUrl\":\"https:\/\/pludmalesteniss.lv\/wp-content\/uploads\/2024\/04\/cropped-logo1.jpg\",\"width\":512,\"height\":512,\"caption\":\"LATVIJAS PLUDMALES TENISS\"},\"image\":{\"@id\":\"https:\/\/pludmalesteniss.lv\/#\/schema\/logo\/image\/\"}}]}<\/script>\n<!-- \/ Yoast SEO plugin. -->","yoast_head_json":{"title":"S\u0101c sp\u0113l\u0113t! - PLUDMALES TENISS","description":"S\u0101c sp\u0113l\u0113t pludmales tenisu!","robots":{"index":"index","follow":"follow","max-snippet":"max-snippet:-1","max-image-preview":"max-image-preview:large","max-video-preview":"max-video-preview:-1"},"canonical":"https:\/\/pludmalesteniss.lv\/ru\/sac-spelet-pludmales-tenisu\/","og_locale":"ru_RU","og_type":"article","og_title":"S\u0101c sp\u0113l\u0113t! - PLUDMALES TENISS","og_description":"S\u0101c sp\u0113l\u0113t pludmales tenisu!","og_url":"https:\/\/pludmalesteniss.lv\/ru\/sac-spelet-pludmales-tenisu\/","og_site_name":"PLUDMALES TENISS","article_modified_time":"2025-10-12T13:03:31+00:00","twitter_card":"summary_large_image","twitter_misc":{"\u041f\u0440\u0438\u043c\u0435\u0440\u043d\u043e\u0435 \u0432\u0440\u0435\u043c\u044f \u0434\u043b\u044f \u0447\u0442\u0435\u043d\u0438\u044f":"1 \u043c\u0438\u043d\u0443\u0442\u0430"},"schema":{"@context":"https:\/\/schema.org","@graph":[{"@type":"WebPage","@id":"https:\/\/pludmalesteniss.lv\/sac-spelet-pludmales-tenisu\/","url":"https:\/\/pludmalesteniss.lv\/sac-spelet-pludmales-tenisu\/","name":"S\u0101c sp\u0113l\u0113t! - PLUDMALES TENISS","isPartOf":{"@id":"https:\/\/pludmalesteniss.lv\/#website"},"datePublished":"2024-12-19T06:49:26+00:00","dateModified":"2025-10-12T13:03:31+00:00","description":"S\u0101c sp\u0113l\u0113t pludmales tenisu!","breadcrumb":{"@id":"https:\/\/pludmalesteniss.lv\/sac-spelet-pludmales-tenisu\/#breadcrumb"},"inLanguage":"ru-RU","potentialAction":[{"@type":"ReadAction","target":["https:\/\/pludmalesteniss.lv\/sac-spelet-pludmales-tenisu\/"]}]},{"@type":"BreadcrumbList","@id":"https:\/\/pludmalesteniss.lv\/sac-spelet-pludmales-tenisu\/#breadcrumb","itemListElement":[{"@type":"ListItem","position":1,"name":"Home","item":"https:\/\/pludmalesteniss.lv\/"},{"@type":"ListItem","position":2,"name":"S\u0101c sp\u0113l\u0113t!"}]},{"@type":"WebSite","@id":"https:\/\/pludmalesteniss.lv\/#website","url":"https:\/\/pludmalesteniss.lv\/","name":"LATVIJAS PLUDMALES TENISS","description":"Pludmales teniss Latvij\u0101","publisher":{"@id":"https:\/\/pludmalesteniss.lv\/#organization"},"potentialAction":[{"@type":"SearchAction","target":{"@type":"EntryPoint","urlTemplate":"https:\/\/pludmalesteniss.lv\/?s={search_term_string}"},"query-input":"required name=search_term_string"}],"inLanguage":"ru-RU"},{"@type":"Organization","@id":"https:\/\/pludmalesteniss.lv\/#organization","name":"LATVIJAS PLUDMALES TENISS","url":"https:\/\/pludmalesteniss.lv\/","logo":{"@type":"ImageObject","inLanguage":"ru-RU","@id":"https:\/\/pludmalesteniss.lv\/#\/schema\/logo\/image\/","url":"https:\/\/pludmalesteniss.lv\/wp-content\/uploads\/2024\/04\/cropped-logo1.jpg","contentUrl":"https:\/\/pludmalesteniss.lv\/wp-content\/uploads\/2024\/04\/cropped-logo1.jpg","width":512,"height":512,"caption":"LATVIJAS PLUDMALES TENISS"},"image":{"@id":"https:\/\/pludmalesteniss.lv\/#\/schema\/logo\/image\/"}}]}},"_links":{"self":[{"href":"https:\/\/pludmalesteniss.lv\/ru\/wp-json\/wp\/v2\/pages\/2435","targetHints":{"allow":["GET"]}}],"collection":[{"href":"https:\/\/pludmalesteniss.lv\/ru\/wp-json\/wp\/v2\/pages"}],"about":[{"href":"https:\/\/pludmalesteniss.lv\/ru\/wp-json\/wp\/v2\/types\/page"}],"author":[{"embeddable":true,"href":"https:\/\/pludmalesteniss.lv\/ru\/wp-json\/wp\/v2\/users\/1"}],"replies":[{"embeddable":true,"href":"https:\/\/pludmalesteniss.lv\/ru\/wp-json\/wp\/v2\/comments?post=2435"}],"version-history":[{"count":5,"href":"https:\/\/pludmalesteniss.lv\/ru\/wp-json\/wp\/v2\/pages\/2435\/revisions"}],"predecessor-version":[{"id":3400,"href":"https:\/\/pludmalesteniss.lv\/ru\/wp-json\/wp\/v2\/pages\/2435\/revisions\/3400"}],"wp:attachment":[{"href":"https:\/\/pludmalesteniss.lv\/ru\/wp-json\/wp\/v2\/media?parent=2435"}],"curies":[{"name":"wp","href":"https:\/\/api.w.org\/{rel}","templated":true}]}}