{"id":194,"date":"2024-05-17T17:25:45","date_gmt":"2024-05-17T14:25:45","guid":{"rendered":"https:\/\/pludmalesteniss.lv\/?page_id=194"},"modified":"2024-05-17T17:33:07","modified_gmt":"2024-05-17T14:33:07","slug":"par-pludmales-tenisu","status":"publish","type":"page","link":"https:\/\/pludmalesteniss.lv\/ru\/par-pludmales-tenisu\/","title":{"rendered":"\u041e\u0431\u0449\u0438\u0435 \u0441\u0432\u0435\u0434\u0435\u043d\u0438\u044f \u043e \u043f\u043b\u044f\u0436\u043d\u043e\u043c \u0442\u0435\u043d\u043d\u0438\u0441\u0435"},"content":{"rendered":"<p>\u041f\u043b\u044f\u0436\u043d\u044b\u0439 \u0442\u0435\u043d\u043d\u0438\u0441 \u2014 \u044d\u0442\u043e \u0443\u043d\u0438\u043a\u0430\u043b\u044c\u043d\u044b\u0439 \u0438 \u0434\u0438\u043d\u0430\u043c\u0438\u0447\u043d\u044b\u0439 \u0432\u0438\u0434 \u0441\u043f\u043e\u0440\u0442\u0430, \u043a\u043e\u0442\u043e\u0440\u044b\u0439 \u0431\u044b\u0441\u0442\u0440\u043e \u043d\u0430\u0431\u0438\u0440\u0430\u0435\u0442 \u043f\u043e\u043f\u0443\u043b\u044f\u0440\u043d\u043e\u0441\u0442\u044c \u043f\u043e \u0432\u0441\u0435\u043c\u0443 \u043c\u0438\u0440\u0443. \u041e\u043d \u043f\u0440\u0435\u0434\u0441\u0442\u0430\u0432\u043b\u044f\u0435\u0442 \u0441\u043e\u0431\u043e\u0439 \u0443\u0432\u043b\u0435\u043a\u0430\u0442\u0435\u043b\u044c\u043d\u043e\u0435 \u0441\u043e\u0447\u0435\u0442\u0430\u043d\u0438\u0435 \u0442\u0435\u043d\u043d\u0438\u0441\u0430 \u0438 \u043f\u043b\u044f\u0436\u043d\u043e\u0433\u043e \u0432\u043e\u043b\u0435\u0439\u0431\u043e\u043b\u0430, \u043f\u0440\u0435\u0434\u043b\u0430\u0433\u0430\u044f \u0443\u0447\u0430\u0441\u0442\u043d\u0438\u043a\u0430\u043c \u043d\u0435 \u0442\u043e\u043b\u044c\u043a\u043e \u0444\u0438\u0437\u0438\u0447\u0435\u0441\u043a\u0443\u044e \u0430\u043a\u0442\u0438\u0432\u043d\u043e\u0441\u0442\u044c, \u043d\u043e \u0438 \u043c\u043e\u0440\u0435 \u0443\u0434\u043e\u0432\u043e\u043b\u044c\u0441\u0442\u0432\u0438\u044f.<\/p>\n\n\n\n<h5 class=\"wp-block-heading\">\u0427\u0442\u043e \u0442\u0430\u043a\u043e\u0435 \u043f\u043b\u044f\u0436\u043d\u044b\u0439 \u0442\u0435\u043d\u043d\u0438\u0441?<\/h5>\n\n\n\n<p>\u041f\u043b\u044f\u0436\u043d\u044b\u0439 \u0442\u0435\u043d\u043d\u0438\u0441 \u2014 \u044d\u0442\u043e \u0438\u0433\u0440\u0430, \u043a\u043e\u0442\u043e\u0440\u0430\u044f \u043f\u0440\u043e\u0432\u043e\u0434\u0438\u0442\u0441\u044f \u043d\u0430 \u043f\u0435\u0441\u0447\u0430\u043d\u043e\u043c \u043f\u043e\u043a\u0440\u044b\u0442\u0438\u0438, \u043e\u0431\u044b\u0447\u043d\u043e \u043d\u0430 \u043f\u043b\u044f\u0436\u0435, \u043d\u043e \u0442\u0430\u043a\u0436\u0435 \u043c\u043e\u0436\u0435\u0442 \u0438\u0433\u0440\u0430\u0442\u044c\u0441\u044f \u0438 \u043d\u0430 \u0441\u043f\u0435\u0446\u0438\u0430\u043b\u044c\u043d\u043e \u043e\u0431\u043e\u0440\u0443\u0434\u043e\u0432\u0430\u043d\u043d\u044b\u0445 \u043f\u043b\u043e\u0449\u0430\u0434\u043a\u0430\u0445. \u0418\u0433\u0440\u0430 \u0432\u0435\u0434\u0435\u0442\u0441\u044f \u0440\u0430\u043a\u0435\u0442\u043a\u0430\u043c\u0438 \u0431\u0435\u0437 \u0441\u0442\u0440\u0443\u043d \u0438 \u043c\u044f\u0433\u043a\u0438\u043c\u0438 \u043c\u044f\u0447\u0430\u043c\u0438, \u043f\u043e\u0445\u043e\u0436\u0438\u043c\u0438 \u043d\u0430 \u0442\u0435\u043d\u043d\u0438\u0441\u043d\u044b\u0435, \u043d\u043e \u0441 \u043c\u0435\u043d\u044c\u0448\u0438\u043c \u0434\u0430\u0432\u043b\u0435\u043d\u0438\u0435\u043c. \u0426\u0435\u043b\u044c \u0438\u0433\u0440\u044b \u2014 \u043e\u0442\u043f\u0440\u0430\u0432\u0438\u0442\u044c \u043c\u044f\u0447 \u0447\u0435\u0440\u0435\u0437 \u0441\u0435\u0442\u043a\u0443 \u0442\u0430\u043a\u0438\u043c \u043e\u0431\u0440\u0430\u0437\u043e\u043c, \u0447\u0442\u043e\u0431\u044b \u043e\u043d \u043f\u0440\u0438\u0437\u0435\u043c\u043b\u0438\u043b\u0441\u044f \u043d\u0430 \u043f\u043e\u043b\u043e\u0432\u0438\u043d\u0435 \u0441\u043e\u043f\u0435\u0440\u043d\u0438\u043a\u0430 \u0438\u043b\u0438 \u0432\u044b\u043d\u0443\u0434\u0438\u0442\u044c \u0441\u043e\u043f\u0435\u0440\u043d\u0438\u043a\u0430 \u043e\u0448\u0438\u0431\u0438\u0442\u044c\u0441\u044f.<\/p>\n\n\n\n<h5 class=\"wp-block-heading\">\u0418\u0433\u0440\u043e\u043a\u0438 \u0438 \u0444\u043e\u0440\u043c\u0430\u0442 \u0438\u0433\u0440\u044b<\/h5>\n\n\n\n<p>\u0418\u0433\u0440\u0430 \u043c\u043e\u0436\u0435\u0442 \u0432\u0435\u0441\u0442\u0438\u0441\u044c \u043a\u0430\u043a \u0432 \u043e\u0434\u0438\u043d\u043e\u0447\u043d\u043e\u043c, \u0442\u0430\u043a \u0438 \u0432 \u043f\u0430\u0440\u043d\u043e\u043c \u0444\u043e\u0440\u043c\u0430\u0442\u0435, \u0445\u043e\u0442\u044f \u043f\u0430\u0440\u043d\u044b\u0435 \u0438\u0433\u0440\u044b \u044f\u0432\u043b\u044f\u044e\u0442\u0441\u044f \u0431\u043e\u043b\u0435\u0435 \u0440\u0430\u0441\u043f\u0440\u043e\u0441\u0442\u0440\u0430\u043d\u0435\u043d\u043d\u044b\u043c\u0438.<br>\u0412 \u043f\u0430\u0440\u043d\u044b\u0445 \u043c\u0430\u0442\u0447\u0430\u0445 \u043d\u0430 \u043f\u043b\u043e\u0449\u0430\u0434\u043a\u0435 \u043d\u0430\u0445\u043e\u0434\u044f\u0442\u0441\u044f \u0434\u0432\u0435 \u043a\u043e\u043c\u0430\u043d\u0434\u044b \u043f\u043e \u0434\u0432\u0430 \u0438\u0433\u0440\u043e\u043a\u0430. \u041f\u043e\u0434\u0440\u043e\u0431\u043d\u0435\u0435 \u043e \u043f\u0440\u0430\u0432\u0438\u043b\u0430\u0445 <a href=\"https:\/\/pludmalesteniss.lv\/ru\/pludmales-tenisa-noteikumi\/\" data-type=\"page\" data-id=\"177\">\u0437\u0434\u0435\u0441\u044c<\/a>.<\/p>\n\n\n\n<h5 class=\"wp-block-heading\">\u0418\u0441\u0442\u043e\u0440\u0438\u044f \u0438 \u0440\u0430\u0437\u0432\u0438\u0442\u0438\u0435<\/h5>\n\n\n\n<p>\u041f\u043b\u044f\u0436\u043d\u044b\u0439 \u0442\u0435\u043d\u043d\u0438\u0441 \u0437\u0430\u0440\u043e\u0434\u0438\u043b\u0441\u044f \u0432 1970-\u0445 \u0433\u043e\u0434\u0430\u0445 \u043d\u0430 \u043f\u043b\u044f\u0436\u0430\u0445 \u0418\u0442\u0430\u043b\u0438\u0438. \u0421\u043e \u0432\u0440\u0435\u043c\u0435\u043d\u0435\u043c \u044d\u0442\u043e\u0442 \u0432\u0438\u0434 \u0441\u043f\u043e\u0440\u0442\u0430 \u0441\u0442\u0430\u043b \u043f\u043e\u043f\u0443\u043b\u044f\u0440\u043d\u044b\u043c \u0438 \u0432 \u0434\u0440\u0443\u0433\u0438\u0445 \u0441\u0442\u0440\u0430\u043d\u0430\u0445. \u0412 2008 \u0433\u043e\u0434\u0443 \u041c\u0435\u0436\u0434\u0443\u043d\u0430\u0440\u043e\u0434\u043d\u0430\u044f \u0444\u0435\u0434\u0435\u0440\u0430\u0446\u0438\u044f \u0442\u0435\u043d\u043d\u0438\u0441\u0430 (ITF) \u043f\u0440\u0438\u0437\u043d\u0430\u043b\u0430 \u043f\u043b\u044f\u0436\u043d\u044b\u0439 \u0442\u0435\u043d\u043d\u0438\u0441 \u043e\u0444\u0438\u0446\u0438\u0430\u043b\u044c\u043d\u044b\u043c \u0432\u0438\u0434\u043e\u043c \u0441\u043f\u043e\u0440\u0442\u0430, \u0447\u0442\u043e \u0441\u043f\u043e\u0441\u043e\u0431\u0441\u0442\u0432\u043e\u0432\u0430\u043b\u043e \u0435\u0433\u043e \u0434\u0430\u043b\u044c\u043d\u0435\u0439\u0448\u0435\u043c\u0443 \u0440\u0430\u0437\u0432\u0438\u0442\u0438\u044e \u0438 \u0440\u0430\u0441\u043f\u0440\u043e\u0441\u0442\u0440\u0430\u043d\u0435\u043d\u0438\u044e \u043f\u043e \u0432\u0441\u0435\u043c\u0443 \u043c\u0438\u0440\u0443. \u041f\u043e\u0434\u0440\u043e\u0431\u043d\u0435\u0435 \u043e \u0438\u0441\u0442\u043e\u0440\u0438\u0438 <a href=\"https:\/\/pludmalesteniss.lv\/ru\/pludmales-tenisa-vesture\/\" data-type=\"page\" data-id=\"164\">\u0437\u0434\u0435\u0441\u044c<\/a>.<\/p>\n\n\n\n<h5 class=\"wp-block-heading\">\u041f\u0440\u0435\u0438\u043c\u0443\u0449\u0435\u0441\u0442\u0432\u0430 \u043f\u043b\u044f\u0436\u043d\u043e\u0433\u043e \u0442\u0435\u043d\u043d\u0438\u0441\u0430<\/h5>\n\n\n\n<p>\u041f\u043b\u044f\u0436\u043d\u044b\u0439 \u0442\u0435\u043d\u043d\u0438\u0441 \u0441\u043e\u0447\u0435\u0442\u0430\u0435\u0442 \u0432 \u0441\u0435\u0431\u0435 \u0444\u0438\u0437\u0438\u0447\u0435\u0441\u043a\u0443\u044e \u0430\u043a\u0442\u0438\u0432\u043d\u043e\u0441\u0442\u044c \u0438 \u0443\u0434\u043e\u0432\u043e\u043b\u044c\u0441\u0442\u0432\u0438\u0435 \u043e\u0442 \u0438\u0433\u0440\u044b \u043d\u0430 \u0441\u0432\u0435\u0436\u0435\u043c \u0432\u043e\u0437\u0434\u0443\u0445\u0435. \u0412\u043e\u0442 \u043d\u0435\u0441\u043a\u043e\u043b\u044c\u043a\u043e \u043f\u0440\u0435\u0438\u043c\u0443\u0449\u0435\u0441\u0442\u0432 \u044d\u0442\u043e\u0433\u043e \u0432\u0438\u0434\u0430 \u0441\u043f\u043e\u0440\u0442\u0430:<br>\u0424\u0438\u0437\u0438\u0447\u0435\u0441\u043a\u0430\u044f \u0444\u043e\u0440\u043c\u0430: \u0438\u0433\u0440\u0430 \u043f\u043e\u043c\u043e\u0433\u0430\u0435\u0442 \u043f\u043e\u0434\u0434\u0435\u0440\u0436\u0438\u0432\u0430\u0442\u044c \u043e\u0442\u043b\u0438\u0447\u043d\u0443\u044e \u0444\u0438\u0437\u0438\u0447\u0435\u0441\u043a\u0443\u044e \u0444\u043e\u0440\u043c\u0443, \u0440\u0430\u0437\u0432\u0438\u0432\u0430\u0435\u0442 \u043a\u043e\u043e\u0440\u0434\u0438\u043d\u0430\u0446\u0438\u044e \u0438 \u0432\u044b\u043d\u043e\u0441\u043b\u0438\u0432\u043e\u0441\u0442\u044c.<br>\u0421\u043e\u0446\u0438\u0430\u043b\u044c\u043d\u044b\u0439 \u0430\u0441\u043f\u0435\u043a\u0442: \u044d\u0442\u043e \u043e\u0442\u043b\u0438\u0447\u043d\u0430\u044f \u0432\u043e\u0437\u043c\u043e\u0436\u043d\u043e\u0441\u0442\u044c \u043f\u0440\u043e\u0432\u0435\u0441\u0442\u0438 \u0432\u0440\u0435\u043c\u044f \u0441 \u0434\u0440\u0443\u0437\u044c\u044f\u043c\u0438 \u0438 \u0437\u0430\u0432\u0435\u0441\u0442\u0438 \u043d\u043e\u0432\u044b\u0435 \u0437\u043d\u0430\u043a\u043e\u043c\u0441\u0442\u0432\u0430.<br>\u0414\u043e\u0441\u0442\u0443\u043f\u043d\u043e\u0441\u0442\u044c: \u0434\u043b\u044f \u0438\u0433\u0440\u044b \u043d\u0443\u0436\u0435\u043d \u043c\u0438\u043d\u0438\u043c\u0430\u043b\u044c\u043d\u044b\u0439 \u043d\u0430\u0431\u043e\u0440 \u043e\u0431\u043e\u0440\u0443\u0434\u043e\u0432\u0430\u043d\u0438\u044f, \u0430 \u043f\u043b\u043e\u0449\u0430\u0434\u043a\u0438 \u043c\u043e\u0436\u043d\u043e \u043d\u0430\u0439\u0442\u0438 \u043d\u0430 \u043c\u043d\u043e\u0433\u0438\u0445 \u043f\u043b\u044f\u0436\u0430\u0445 \u0438 \u0441\u043f\u043e\u0440\u0442\u0438\u0432\u043d\u044b\u0445 \u043a\u043e\u043c\u043f\u043b\u0435\u043a\u0441\u0430\u0445.<br>\u0412\u0435\u0441\u0435\u043b\u044c\u0435 \u0438 \u043e\u0442\u0434\u044b\u0445: \u0438\u0433\u0440\u0430 \u043d\u0430 \u043f\u043b\u044f\u0436\u0435 \u0432 \u0441\u043e\u0447\u0435\u0442\u0430\u043d\u0438\u0438 \u0441 \u043c\u043e\u0440\u0441\u043a\u0438\u043c \u0431\u0440\u0438\u0437\u043e\u043c \u0438 \u0441\u043e\u043b\u043d\u0435\u0447\u043d\u044b\u043c \u0441\u0432\u0435\u0442\u043e\u043c \u043f\u0440\u0438\u043d\u043e\u0441\u0438\u0442 \u043c\u0430\u0441\u0441\u0443 \u043f\u043e\u043b\u043e\u0436\u0438\u0442\u0435\u043b\u044c\u043d\u044b\u0445 \u044d\u043c\u043e\u0446\u0438\u0439.<\/p>\n\n\n\n<h5 class=\"wp-block-heading\">\u041f\u043e\u043f\u0443\u043b\u044f\u0440\u043d\u044b\u0435 \u0442\u0443\u0440\u043d\u0438\u0440\u044b \u0438 \u0441\u043e\u0440\u0435\u0432\u043d\u043e\u0432\u0430\u043d\u0438\u044f<\/h5>\n\n\n\n<p>\u0421\u0435\u0433\u043e\u0434\u043d\u044f \u043f\u043e \u0432\u0441\u0435\u043c\u0443 \u043c\u0438\u0440\u0443 \u043f\u0440\u043e\u0432\u043e\u0434\u044f\u0442\u0441\u044f \u043c\u043d\u043e\u0433\u043e\u0447\u0438\u0441\u043b\u0435\u043d\u043d\u044b\u0435 \u0442\u0443\u0440\u043d\u0438\u0440\u044b \u043f\u043e \u043f\u043b\u044f\u0436\u043d\u043e\u043c\u0443 \u0442\u0435\u043d\u043d\u0438\u0441\u0443. \u041d\u0430\u0438\u0431\u043e\u043b\u0435\u0435 \u043f\u0440\u0435\u0441\u0442\u0438\u0436\u043d\u044b\u0435 \u0438\u0437 \u043d\u0438\u0445 \u0432\u043a\u043b\u044e\u0447\u0430\u044e\u0442 \u0447\u0435\u043c\u043f\u0438\u043e\u043d\u0430\u0442\u044b \u043c\u0438\u0440\u0430, \u043a\u043e\u043d\u0442\u0438\u043d\u0435\u043d\u0442\u0430\u043b\u044c\u043d\u044b\u0435 \u043f\u0435\u0440\u0432\u0435\u043d\u0441\u0442\u0432\u0430 \u0438 \u043d\u0430\u0446\u0438\u043e\u043d\u0430\u043b\u044c\u043d\u044b\u0435 \u0442\u0443\u0440\u043d\u0438\u0440\u044b. \u042d\u0442\u0438 \u0441\u043e\u0431\u044b\u0442\u0438\u044f \u043f\u0440\u0438\u0432\u043b\u0435\u043a\u0430\u044e\u0442 \u043b\u0443\u0447\u0448\u0438\u0445 \u0438\u0433\u0440\u043e\u043a\u043e\u0432 \u0438 \u0442\u044b\u0441\u044f\u0447\u0438 \u0437\u0440\u0438\u0442\u0435\u043b\u0435\u0439, \u0441\u043e\u0437\u0434\u0430\u0432\u0430\u044f \u0437\u0430\u0445\u0432\u0430\u0442\u044b\u0432\u0430\u044e\u0449\u0443\u044e \u0430\u0442\u043c\u043e\u0441\u0444\u0435\u0440\u0443 \u0438 \u0441\u043f\u043e\u0441\u043e\u0431\u0441\u0442\u0432\u0443\u044f \u043f\u043e\u043f\u0443\u043b\u044f\u0440\u0438\u0437\u0430\u0446\u0438\u0438 \u0441\u043f\u043e\u0440\u0442\u0430.<br>\u041f\u043b\u044f\u0436\u043d\u044b\u0439 \u0442\u0435\u043d\u043d\u0438\u0441 \u2014 \u044d\u0442\u043e \u043d\u0435 \u043f\u0440\u043e\u0441\u0442\u043e \u0432\u0438\u0434 \u0441\u043f\u043e\u0440\u0442\u0430, \u044d\u0442\u043e \u043e\u0431\u0440\u0430\u0437 \u0436\u0438\u0437\u043d\u0438, \u043a\u043e\u0442\u043e\u0440\u044b\u0439 \u043e\u0431\u044a\u0435\u0434\u0438\u043d\u044f\u0435\u0442 \u043b\u044e\u0434\u0435\u0439 \u0440\u0430\u0437\u043d\u043e\u0433\u043e \u0432\u043e\u0437\u0440\u0430\u0441\u0442\u0430 \u0438 \u0443\u0440\u043e\u0432\u043d\u044f \u043f\u043e\u0434\u0433\u043e\u0442\u043e\u0432\u043a\u0438. \u041d\u0435\u0437\u0430\u0432\u0438\u0441\u0438\u043c\u043e \u043e\u0442 \u0442\u043e\u0433\u043e, \u044f\u0432\u043b\u044f\u0435\u0442\u0435\u0441\u044c \u043b\u0438 \u0432\u044b \u043f\u0440\u043e\u0444\u0435\u0441\u0441\u0438\u043e\u043d\u0430\u043b\u044c\u043d\u044b\u043c \u0441\u043f\u043e\u0440\u0442\u0441\u043c\u0435\u043d\u043e\u043c \u0438\u043b\u0438 \u043f\u0440\u043e\u0441\u0442\u043e \u043b\u044e\u0431\u0438\u0442\u0435\u043b\u0435\u043c \u0430\u043a\u0442\u0438\u0432\u043d\u043e\u0433\u043e \u043e\u0442\u0434\u044b\u0445\u0430, \u043f\u043b\u044f\u0436\u043d\u044b\u0439 \u0442\u0435\u043d\u043d\u0438\u0441 \u043f\u0440\u0435\u0434\u043b\u043e\u0436\u0438\u0442 \u0432\u0430\u043c \u043d\u0435\u0437\u0430\u0431\u044b\u0432\u0430\u0435\u043c\u044b\u0435 \u0432\u043f\u0435\u0447\u0430\u0442\u043b\u0435\u043d\u0438\u044f \u0438 \u0440\u0430\u0434\u043e\u0441\u0442\u044c \u043e\u0442 \u0438\u0433\u0440\u044b. \u0411\u043e\u043b\u044c\u0448\u0435 \u043e \u0442\u0443\u0440\u043d\u0438\u0440\u0430\u0445 <a href=\"https:\/\/pludmalesteniss.lv\/ru\/turnirs\/\" data-type=\"page\" data-id=\"79\">\u0437\u0434\u0435\u0441\u044c<\/a>.<\/p>","protected":false},"excerpt":{"rendered":"<p>Pludmales teniss ir unik\u0101ls un dinamisks sporta veids, kas strauji iekaro popularit\u0101ti vis\u0101 pasaul\u0113. Tas ir aizraujo\u0161s tenisa un pludmales volejbola apvienojums, kas dal\u012bbniekiem pied\u0101v\u0101 ne tikai fiziskas aktivit\u0101tes, bet ar\u012b daudz jautr\u012bbas. Kas ir pludmales teniss? Pludmales teniss ir sp\u0113le, ko sp\u0113l\u0113 uz smil\u0161aina seguma, parasti pludmal\u0113, ta\u010du to var sp\u0113l\u0113t ar\u012b \u012bpa\u0161i apr\u012bkotos&hellip;&nbsp;<a href=\"https:\/\/pludmalesteniss.lv\/ru\/par-pludmales-tenisu\/\" class=\"\" rel=\"bookmark\">\u041f\u043e\u0434\u0440\u043e\u0431\u043d\u0435\u0435 &raquo;<span class=\"screen-reader-text\">\u041e\u0431\u0449\u0438\u0435 \u0441\u0432\u0435\u0434\u0435\u043d\u0438\u044f \u043e \u043f\u043b\u044f\u0436\u043d\u043e\u043c \u0442\u0435\u043d\u043d\u0438\u0441\u0435<\/span><\/a><\/p>","protected":false},"author":1,"featured_media":0,"parent":0,"menu_order":0,"comment_status":"closed","ping_status":"closed","template":"","meta":{"neve_meta_sidebar":"","neve_meta_container":"","neve_meta_enable_content_width":"","neve_meta_content_width":0,"neve_meta_title_alignment":"","neve_meta_author_avatar":"","neve_post_elements_order":"","neve_meta_disable_header":"","neve_meta_disable_footer":"","neve_meta_disable_title":"","footnotes":""},"class_list":["post-194","page","type-page","status-publish","hentry"],"yoast_head":"<!-- This site is optimized with the Yoast SEO plugin v23.0 - https:\/\/yoast.com\/wordpress\/plugins\/seo\/ -->\n<title>Par pludmales tenisu - PLUDMALES TENISS<\/title>\n<meta name=\"robots\" content=\"index, follow, max-snippet:-1, max-image-preview:large, max-video-preview:-1\" \/>\n<link rel=\"canonical\" href=\"https:\/\/pludmalesteniss.lv\/ru\/par-pludmales-tenisu\/\" \/>\n<meta property=\"og:locale\" content=\"ru_RU\" \/>\n<meta property=\"og:type\" content=\"article\" \/>\n<meta property=\"og:title\" content=\"Par pludmales tenisu - PLUDMALES TENISS\" \/>\n<meta property=\"og:description\" content=\"Pludmales teniss ir unik\u0101ls un dinamisks sporta veids, kas strauji iekaro popularit\u0101ti vis\u0101 pasaul\u0113. Tas ir aizraujo\u0161s tenisa un pludmales volejbola apvienojums, kas dal\u012bbniekiem pied\u0101v\u0101 ne tikai fiziskas aktivit\u0101tes, bet ar\u012b daudz jautr\u012bbas. Kas ir pludmales teniss? Pludmales teniss ir sp\u0113le, ko sp\u0113l\u0113 uz smil\u0161aina seguma, parasti pludmal\u0113, ta\u010du to var sp\u0113l\u0113t ar\u012b \u012bpa\u0161i apr\u012bkotos&hellip;&nbsp;\u041f\u043e\u0434\u0440\u043e\u0431\u043d\u0435\u0435 &raquo;Par pludmales tenisu\" \/>\n<meta property=\"og:url\" content=\"https:\/\/pludmalesteniss.lv\/ru\/par-pludmales-tenisu\/\" \/>\n<meta property=\"og:site_name\" content=\"PLUDMALES TENISS\" \/>\n<meta property=\"article:modified_time\" content=\"2024-05-17T14:33:07+00:00\" \/>\n<meta name=\"twitter:card\" content=\"summary_large_image\" \/>\n<meta name=\"twitter:label1\" content=\"\u041f\u0440\u0438\u043c\u0435\u0440\u043d\u043e\u0435 \u0432\u0440\u0435\u043c\u044f \u0434\u043b\u044f \u0447\u0442\u0435\u043d\u0438\u044f\" \/>\n\t<meta name=\"twitter:data1\" content=\"2 \u043c\u0438\u043d\u0443\u0442\u044b\" \/>\n<script type=\"application\/ld+json\" class=\"yoast-schema-graph\">{\"@context\":\"https:\/\/schema.org\",\"@graph\":[{\"@type\":\"WebPage\",\"@id\":\"https:\/\/pludmalesteniss.lv\/par-pludmales-tenisu\/\",\"url\":\"https:\/\/pludmalesteniss.lv\/par-pludmales-tenisu\/\",\"name\":\"Par pludmales tenisu - PLUDMALES TENISS\",\"isPartOf\":{\"@id\":\"https:\/\/pludmalesteniss.lv\/#website\"},\"datePublished\":\"2024-05-17T14:25:45+00:00\",\"dateModified\":\"2024-05-17T14:33:07+00:00\",\"breadcrumb\":{\"@id\":\"https:\/\/pludmalesteniss.lv\/par-pludmales-tenisu\/#breadcrumb\"},\"inLanguage\":\"ru-RU\",\"potentialAction\":[{\"@type\":\"ReadAction\",\"target\":[\"https:\/\/pludmalesteniss.lv\/par-pludmales-tenisu\/\"]}]},{\"@type\":\"BreadcrumbList\",\"@id\":\"https:\/\/pludmalesteniss.lv\/par-pludmales-tenisu\/#breadcrumb\",\"itemListElement\":[{\"@type\":\"ListItem\",\"position\":1,\"name\":\"Home\",\"item\":\"https:\/\/pludmalesteniss.lv\/\"},{\"@type\":\"ListItem\",\"position\":2,\"name\":\"Par pludmales tenisu\"}]},{\"@type\":\"WebSite\",\"@id\":\"https:\/\/pludmalesteniss.lv\/#website\",\"url\":\"https:\/\/pludmalesteniss.lv\/\",\"name\":\"LATVIJAS PLUDMALES TENISS\",\"description\":\"Pludmales teniss Latvij\u0101\",\"publisher\":{\"@id\":\"https:\/\/pludmalesteniss.lv\/#organization\"},\"potentialAction\":[{\"@type\":\"SearchAction\",\"target\":{\"@type\":\"EntryPoint\",\"urlTemplate\":\"https:\/\/pludmalesteniss.lv\/?s={search_term_string}\"},\"query-input\":\"required name=search_term_string\"}],\"inLanguage\":\"ru-RU\"},{\"@type\":\"Organization\",\"@id\":\"https:\/\/pludmalesteniss.lv\/#organization\",\"name\":\"LATVIJAS PLUDMALES TENISS\",\"url\":\"https:\/\/pludmalesteniss.lv\/\",\"logo\":{\"@type\":\"ImageObject\",\"inLanguage\":\"ru-RU\",\"@id\":\"https:\/\/pludmalesteniss.lv\/#\/schema\/logo\/image\/\",\"url\":\"https:\/\/pludmalesteniss.lv\/wp-content\/uploads\/2024\/04\/cropped-logo1.jpg\",\"contentUrl\":\"https:\/\/pludmalesteniss.lv\/wp-content\/uploads\/2024\/04\/cropped-logo1.jpg\",\"width\":512,\"height\":512,\"caption\":\"LATVIJAS PLUDMALES TENISS\"},\"image\":{\"@id\":\"https:\/\/pludmalesteniss.lv\/#\/schema\/logo\/image\/\"}}]}<\/script>\n<!-- \/ Yoast SEO plugin. -->","yoast_head_json":{"title":"Par pludmales tenisu - PLUDMALES TENISS","robots":{"index":"index","follow":"follow","max-snippet":"max-snippet:-1","max-image-preview":"max-image-preview:large","max-video-preview":"max-video-preview:-1"},"canonical":"https:\/\/pludmalesteniss.lv\/ru\/par-pludmales-tenisu\/","og_locale":"ru_RU","og_type":"article","og_title":"Par pludmales tenisu - PLUDMALES TENISS","og_description":"Pludmales teniss ir unik\u0101ls un dinamisks sporta veids, kas strauji iekaro popularit\u0101ti vis\u0101 pasaul\u0113. Tas ir aizraujo\u0161s tenisa un pludmales volejbola apvienojums, kas dal\u012bbniekiem pied\u0101v\u0101 ne tikai fiziskas aktivit\u0101tes, bet ar\u012b daudz jautr\u012bbas. Kas ir pludmales teniss? Pludmales teniss ir sp\u0113le, ko sp\u0113l\u0113 uz smil\u0161aina seguma, parasti pludmal\u0113, ta\u010du to var sp\u0113l\u0113t ar\u012b \u012bpa\u0161i apr\u012bkotos&hellip;&nbsp;\u041f\u043e\u0434\u0440\u043e\u0431\u043d\u0435\u0435 &raquo;Par pludmales tenisu","og_url":"https:\/\/pludmalesteniss.lv\/ru\/par-pludmales-tenisu\/","og_site_name":"PLUDMALES TENISS","article_modified_time":"2024-05-17T14:33:07+00:00","twitter_card":"summary_large_image","twitter_misc":{"\u041f\u0440\u0438\u043c\u0435\u0440\u043d\u043e\u0435 \u0432\u0440\u0435\u043c\u044f \u0434\u043b\u044f \u0447\u0442\u0435\u043d\u0438\u044f":"2 \u043c\u0438\u043d\u0443\u0442\u044b"},"schema":{"@context":"https:\/\/schema.org","@graph":[{"@type":"WebPage","@id":"https:\/\/pludmalesteniss.lv\/par-pludmales-tenisu\/","url":"https:\/\/pludmalesteniss.lv\/par-pludmales-tenisu\/","name":"Par pludmales tenisu - PLUDMALES TENISS","isPartOf":{"@id":"https:\/\/pludmalesteniss.lv\/#website"},"datePublished":"2024-05-17T14:25:45+00:00","dateModified":"2024-05-17T14:33:07+00:00","breadcrumb":{"@id":"https:\/\/pludmalesteniss.lv\/par-pludmales-tenisu\/#breadcrumb"},"inLanguage":"ru-RU","potentialAction":[{"@type":"ReadAction","target":["https:\/\/pludmalesteniss.lv\/par-pludmales-tenisu\/"]}]},{"@type":"BreadcrumbList","@id":"https:\/\/pludmalesteniss.lv\/par-pludmales-tenisu\/#breadcrumb","itemListElement":[{"@type":"ListItem","position":1,"name":"Home","item":"https:\/\/pludmalesteniss.lv\/"},{"@type":"ListItem","position":2,"name":"Par pludmales tenisu"}]},{"@type":"WebSite","@id":"https:\/\/pludmalesteniss.lv\/#website","url":"https:\/\/pludmalesteniss.lv\/","name":"LATVIJAS PLUDMALES TENISS","description":"Pludmales teniss Latvij\u0101","publisher":{"@id":"https:\/\/pludmalesteniss.lv\/#organization"},"potentialAction":[{"@type":"SearchAction","target":{"@type":"EntryPoint","urlTemplate":"https:\/\/pludmalesteniss.lv\/?s={search_term_string}"},"query-input":"required name=search_term_string"}],"inLanguage":"ru-RU"},{"@type":"Organization","@id":"https:\/\/pludmalesteniss.lv\/#organization","name":"LATVIJAS PLUDMALES TENISS","url":"https:\/\/pludmalesteniss.lv\/","logo":{"@type":"ImageObject","inLanguage":"ru-RU","@id":"https:\/\/pludmalesteniss.lv\/#\/schema\/logo\/image\/","url":"https:\/\/pludmalesteniss.lv\/wp-content\/uploads\/2024\/04\/cropped-logo1.jpg","contentUrl":"https:\/\/pludmalesteniss.lv\/wp-content\/uploads\/2024\/04\/cropped-logo1.jpg","width":512,"height":512,"caption":"LATVIJAS PLUDMALES TENISS"},"image":{"@id":"https:\/\/pludmalesteniss.lv\/#\/schema\/logo\/image\/"}}]}},"_links":{"self":[{"href":"https:\/\/pludmalesteniss.lv\/ru\/wp-json\/wp\/v2\/pages\/194","targetHints":{"allow":["GET"]}}],"collection":[{"href":"https:\/\/pludmalesteniss.lv\/ru\/wp-json\/wp\/v2\/pages"}],"about":[{"href":"https:\/\/pludmalesteniss.lv\/ru\/wp-json\/wp\/v2\/types\/page"}],"author":[{"embeddable":true,"href":"https:\/\/pludmalesteniss.lv\/ru\/wp-json\/wp\/v2\/users\/1"}],"replies":[{"embeddable":true,"href":"https:\/\/pludmalesteniss.lv\/ru\/wp-json\/wp\/v2\/comments?post=194"}],"version-history":[{"count":3,"href":"https:\/\/pludmalesteniss.lv\/ru\/wp-json\/wp\/v2\/pages\/194\/revisions"}],"predecessor-version":[{"id":207,"href":"https:\/\/pludmalesteniss.lv\/ru\/wp-json\/wp\/v2\/pages\/194\/revisions\/207"}],"wp:attachment":[{"href":"https:\/\/pludmalesteniss.lv\/ru\/wp-json\/wp\/v2\/media?parent=194"}],"curies":[{"name":"wp","href":"https:\/\/api.w.org\/{rel}","templated":true}]}}