{"id":164,"date":"2024-05-17T16:40:32","date_gmt":"2024-05-17T13:40:32","guid":{"rendered":"https:\/\/pludmalesteniss.lv\/?page_id=164"},"modified":"2024-05-20T19:06:09","modified_gmt":"2024-05-20T16:06:09","slug":"pludmales-tenisa-vesture","status":"publish","type":"page","link":"https:\/\/pludmalesteniss.lv\/ru\/pludmales-tenisa-vesture\/","title":{"rendered":"Pludmales tenisa v\u0113sture"},"content":{"rendered":"<p>\u041f\u043b\u044f\u0436\u043d\u044b\u0439 \u0442\u0435\u043d\u043d\u0438\u0441 \u2014 \u044d\u0442\u043e \u0437\u0430\u0445\u0432\u0430\u0442\u044b\u0432\u0430\u044e\u0449\u0438\u0439 \u0438 \u0434\u0438\u043d\u0430\u043c\u0438\u0447\u043d\u044b\u0439 \u0432\u0438\u0434 \u0441\u043f\u043e\u0440\u0442\u0430, \u043a\u043e\u0442\u043e\u0440\u044b\u0439 \u0441\u043e\u0447\u0435\u0442\u0430\u0435\u0442 \u044d\u043b\u0435\u043c\u0435\u043d\u0442\u044b \u0442\u0435\u043d\u043d\u0438\u0441\u0430 \u0438 \u043f\u043b\u044f\u0436\u043d\u043e\u0433\u043e \u0432\u043e\u043b\u0435\u0439\u0431\u043e\u043b\u0430. \u0412 \u043f\u043e\u0441\u043b\u0435\u0434\u043d\u0438\u0435 \u0433\u043e\u0434\u044b \u043e\u043d \u043f\u0440\u0438\u043e\u0431\u0440\u0435\u043b \u0437\u043d\u0430\u0447\u0438\u0442\u0435\u043b\u044c\u043d\u0443\u044e \u043f\u043e\u043f\u0443\u043b\u044f\u0440\u043d\u043e\u0441\u0442\u044c \u043f\u043e \u0432\u0441\u0435\u043c\u0443 \u043c\u0438\u0440\u0443, \u043f\u0440\u0438\u0432\u043b\u0435\u043a\u0430\u044f \u043a\u0430\u043a \u043f\u0440\u043e\u0444\u0435\u0441\u0441\u0438\u043e\u043d\u0430\u043b\u044c\u043d\u044b\u0445 \u0441\u043f\u043e\u0440\u0442\u0441\u043c\u0435\u043d\u043e\u0432, \u0442\u0430\u043a \u0438 \u043b\u044e\u0431\u0438\u0442\u0435\u043b\u0435\u0439 \u0430\u043a\u0442\u0438\u0432\u043d\u043e\u0433\u043e \u043e\u0442\u0434\u044b\u0445\u0430 \u043d\u0430 \u043f\u043b\u044f\u0436\u0435.<\/p>\n\n\n\n<p><strong>\u041f\u0440\u043e\u0438\u0441\u0445\u043e\u0436\u0434\u0435\u043d\u0438\u0435 \u0438 \u0440\u0430\u043d\u043d\u0438\u0435 \u0433\u043e\u0434\u044b<\/strong><br>Pludmales tenisa v\u0113sture aizs\u0101k\u0101s 20. gadsimta 70. gados It\u0101lijas piekrast\u0113. S\u0101kotn\u0113ji tas bija tikai atp\u016btas sporta veids, ko viet\u0113jie iedz\u012bvot\u0101ji un t\u016bristi sp\u0113l\u0113ja pludmal\u0113s. Pludmales tenisa pirms\u0101kumos sp\u0113le tika sp\u0113l\u0113ta, izmantojot standarta tenisa raketes un bumbi\u0146as. Noteikumi un apr\u012bkojums nebija stingri noteikti.<\/p>\n\n\n\n<p><strong>\u0424\u043e\u0440\u043c\u0430\u043b\u0438\u0437\u0430\u0446\u0438\u044f \u043f\u0440\u0430\u0432\u0438\u043b \u0438 \u043c\u0435\u0436\u0434\u0443\u043d\u0430\u0440\u043e\u0434\u043d\u043e\u0435 \u043f\u0440\u0438\u0437\u043d\u0430\u043d\u0438\u0435<\/strong><br><\/p>\n\n\n\n<p>\u0412 1990-\u0445 \u0433\u043e\u0434\u0430\u0445 \u043f\u043b\u044f\u0436\u043d\u044b\u0439 \u0442\u0435\u043d\u043d\u0438\u0441 \u043d\u0430\u0447\u0430\u043b \u0441\u0442\u0440\u0435\u043c\u0438\u0442\u0435\u043b\u044c\u043d\u043e \u0440\u0430\u0437\u0432\u0438\u0432\u0430\u0442\u044c\u0441\u044f. \u0418\u0442\u0430\u043b\u044c\u044f\u043d\u0441\u043a\u0438\u0435 \u044d\u043d\u0442\u0443\u0437\u0438\u0430\u0441\u0442\u044b \u043d\u0430\u0447\u0430\u043b\u0438 \u043e\u0440\u0433\u0430\u043d\u0438\u0437\u043e\u0432\u044b\u0432\u0430\u0442\u044c \u043f\u0435\u0440\u0432\u044b\u0435 \u043e\u0444\u0438\u0446\u0438\u0430\u043b\u044c\u043d\u044b\u0435 \u0442\u0443\u0440\u043d\u0438\u0440\u044b \u0438 \u043f\u043e\u0441\u0442\u0435\u043f\u0435\u043d\u043d\u043e \u0440\u0430\u0437\u0440\u0430\u0431\u043e\u0442\u0430\u043b\u0438 \u0441\u0442\u0430\u043d\u0434\u0430\u0440\u0442\u0438\u0437\u0438\u0440\u043e\u0432\u0430\u043d\u043d\u044b\u0435 \u043f\u0440\u0430\u0432\u0438\u043b\u0430 \u0438\u0433\u0440\u044b. \u0412 \u044d\u0442\u043e \u0436\u0435 \u0432\u0440\u0435\u043c\u044f \u043f\u043e\u044f\u0432\u0438\u043b\u0438\u0441\u044c \u043f\u0435\u0440\u0432\u044b\u0435 \u0441\u043f\u0435\u0446\u0438\u0430\u043b\u0438\u0437\u0438\u0440\u043e\u0432\u0430\u043d\u043d\u044b\u0435 \u0440\u0430\u043a\u0435\u0442\u043a\u0438 \u0438 \u043c\u044f\u0447\u0438, \u0430\u0434\u0430\u043f\u0442\u0438\u0440\u043e\u0432\u0430\u043d\u043d\u044b\u0435 \u0434\u043b\u044f \u0438\u0433\u0440\u044b \u043d\u0430 \u043f\u0435\u0441\u043a\u0435.<br>\u041a \u043d\u0430\u0447\u0430\u043b\u0443 2000-\u0445 \u0433\u043e\u0434\u043e\u0432 \u043f\u043b\u044f\u0436\u043d\u044b\u0439 \u0442\u0435\u043d\u043d\u0438\u0441 \u043f\u043e\u043b\u0443\u0447\u0438\u043b \u043c\u0435\u0436\u0434\u0443\u043d\u0430\u0440\u043e\u0434\u043d\u043e\u0435 \u043f\u0440\u0438\u0437\u043d\u0430\u043d\u0438\u0435. \u0412 2008 \u0433\u043e\u0434\u0443 \u041c\u0435\u0436\u0434\u0443\u043d\u0430\u0440\u043e\u0434\u043d\u0430\u044f \u0444\u0435\u0434\u0435\u0440\u0430\u0446\u0438\u044f \u0442\u0435\u043d\u043d\u0438\u0441\u0430 (ITF) \u043f\u0440\u0438\u043d\u044f\u043b\u0430 \u043f\u043b\u044f\u0436\u043d\u044b\u0439 \u0442\u0435\u043d\u043d\u0438\u0441 \u043f\u043e\u0434 \u0441\u0432\u043e\u0451 \u043a\u0440\u044b\u043b\u043e, \u0447\u0442\u043e \u0441\u043f\u043e\u0441\u043e\u0431\u0441\u0442\u0432\u043e\u0432\u0430\u043b\u043e \u0435\u0449\u0435 \u0431\u043e\u043b\u044c\u0448\u0435\u043c\u0443 \u0440\u043e\u0441\u0442\u0443 \u043f\u043e\u043f\u0443\u043b\u044f\u0440\u043d\u043e\u0441\u0442\u0438 \u044d\u0442\u043e\u0433\u043e \u0441\u043f\u043e\u0440\u0442\u0430. \u0411\u044b\u043b\u0438 \u0443\u0442\u0432\u0435\u0440\u0436\u0434\u0435\u043d\u044b \u043e\u0444\u0438\u0446\u0438\u0430\u043b\u044c\u043d\u044b\u0435 \u043f\u0440\u0430\u0432\u0438\u043b\u0430, \u043a\u043e\u0442\u043e\u0440\u044b\u0435 \u0432\u043a\u043b\u044e\u0447\u0430\u043b\u0438 \u0438\u0441\u043f\u043e\u043b\u044c\u0437\u043e\u0432\u0430\u043d\u0438\u0435 \u0441\u0435\u0442\u043a\u0438 \u0432\u044b\u0441\u043e\u0442\u043e\u0439 1,7 \u043c\u0435\u0442\u0440\u0430 \u0438 \u043a\u043e\u0440\u0442\u0430 \u0440\u0430\u0437\u043c\u0435\u0440\u043e\u043c 16 \u043d\u0430 8 \u043c\u0435\u0442\u0440\u043e\u0432.<\/p>\n\n\n\n<ol class=\"wp-block-list\" start=\"90\"><\/ol>\n\n\n\n<p><strong>\u0421\u043e\u0432\u0440\u0435\u043c\u0435\u043d\u043d\u043e\u0435 \u0441\u043e\u0441\u0442\u043e\u044f\u043d\u0438\u0435 \u0438 \u043c\u0438\u0440\u043e\u0432\u0430\u044f \u043f\u043e\u043f\u0443\u043b\u044f\u0440\u043d\u043e\u0441\u0442\u044c<\/strong><br><\/p>\n\n\n\n<p>M\u016bsdien\u0101s pludmales tenisu sp\u0113l\u0113 vair\u0101k nek\u0101 50 pasaules valst\u012bs. L\u012bderpoz\u012bcijas ie\u0146em It\u0101lija, Braz\u012blija un Sp\u0101nija, ta\u010du iev\u0113rojama att\u012bst\u012bba v\u0113rojama ar\u012b cit\u0101s valst\u012bs. Katru gadu tiek organiz\u0113ti daudzi starptautiski turn\u012bri, tostarp pasaules \u010dempion\u0101ti un kontinentu \u010dempion\u0101ti.<br>Pludmales teniss piesaista ar savu vienk\u0101r\u0161o, bet aizraujo\u0161o form\u0101tu. Sp\u0113le tiek sp\u0113l\u0113ta br\u012bv\u0101 dab\u0101, parasti gleznain\u0101s pludmal\u0113s, padarot to pievilc\u012bgu skat\u012bt\u0101jiem un dal\u012bbniekiem. Sportisti sacen\u0161as viensp\u0113l\u0113s un dubultsp\u0113l\u0113s, demonstr\u0113jot ne tikai fizisko iztur\u012bbu, bet ar\u012b meistar\u012bgu sp\u0113li ar raketi.<\/p>\n\n\n\n<p><strong>\u0412\u043b\u0438\u044f\u043d\u0438\u0435 \u043d\u0430 \u043a\u0443\u043b\u044c\u0442\u0443\u0440\u0443 \u0438 \u043e\u0431\u0449\u0435\u0441\u0442\u0432\u043e<\/strong><br>Papildus sportiskajiem sasniegumiem pludmales tenisam ir pozit\u012bva ietekme uz kult\u016bru un sabiedr\u012bbu. \u0160is sporta veids veicina vesel\u012bgu dz\u012bvesveidu, stiprina soci\u0101l\u0101s saites un piev\u0113r\u0161 uzman\u012bbu vides jaut\u0101jumiem, jo liel\u0101k\u0101 da\u013ca turn\u012bru notiek aizsarg\u0101jam\u0101s dabas teritorij\u0101s.<\/p>\n\n\n\n<p><strong>\u0411\u0443\u0434\u0443\u0449\u0435\u0435 \u043f\u043b\u044f\u0436\u043d\u043e\u0433\u043e \u0442\u0435\u043d\u043d\u0438\u0441\u0430<\/strong><br>Katru gadu pludmales teniss turpina att\u012bst\u012bties un piesaist\u012bt jaunus sp\u0113l\u0113t\u0101jus. Pateicoties starptautisko organiz\u0101ciju un nacion\u0101lo valstu sporta feder\u0101ciju centieniem, \u0161is sporta veids k\u013c\u016bst arvien pieejam\u0101ks un popul\u0101r\u0101ks. Jaunas tehnolo\u0123ijas un treni\u0146u pieejas veicina sportistu rezult\u0101tu uzlabo\u0161anos un paaugstina sacens\u012bbu l\u012bmeni.<\/p>\n\n\n\n<p>Pludmales teniss nav tikai sp\u0113le, tas ir dz\u012bvesveids, kas vieno cilv\u0113kus vis\u0101 pasaul\u0113. Ja v\u0113l neesat izm\u0113\u0123in\u0101ju\u0161i savus sp\u0113kus \u0161aj\u0101 aizraujo\u0161aj\u0101 sporta veid\u0101, ir laiks doties uz pludmali un sajust \u0161o pozit\u012bvo ener\u0123\u0113tiku!<\/p>","protected":false},"excerpt":{"rendered":"<p>Pludmales teniss ir aizraujo\u0161s un dinamisks sporta veids, kur\u0101 apvienoti tenisa un pludmales volejbola elementi. P\u0113d\u0113jos gados tas ir ieguvis iev\u0113rojamu popularit\u0101ti vis\u0101 pasaul\u0113, piesaistot gan profesion\u0101lus sportistus, gan pludmales entuziastus. Izcelsme un pirms\u0101kumiPludmales tenisa v\u0113sture aizs\u0101k\u0101s 20. gadsimta 70. gados It\u0101lijas piekrast\u0113. S\u0101kotn\u0113ji tas bija tikai atp\u016btas sporta veids, ko viet\u0113jie iedz\u012bvot\u0101ji un t\u016bristi&hellip;&nbsp;<a href=\"https:\/\/pludmalesteniss.lv\/ru\/pludmales-tenisa-vesture\/\" class=\"\" rel=\"bookmark\">\u041f\u043e\u0434\u0440\u043e\u0431\u043d\u0435\u0435 &raquo;<span class=\"screen-reader-text\">Pludmales tenisa v\u0113sture<\/span><\/a><\/p>","protected":false},"author":1,"featured_media":0,"parent":0,"menu_order":0,"comment_status":"closed","ping_status":"closed","template":"","meta":{"neve_meta_sidebar":"","neve_meta_container":"","neve_meta_enable_content_width":"","neve_meta_content_width":0,"neve_meta_title_alignment":"","neve_meta_author_avatar":"","neve_post_elements_order":"","neve_meta_disable_header":"","neve_meta_disable_footer":"","neve_meta_disable_title":"","footnotes":""},"class_list":["post-164","page","type-page","status-publish","hentry"],"yoast_head":"<!-- This site is optimized with the Yoast SEO plugin v23.0 - https:\/\/yoast.com\/wordpress\/plugins\/seo\/ -->\n<title>Pludmales tenisa v\u0113sture - PLUDMALES TENISS<\/title>\n<meta name=\"robots\" content=\"index, follow, max-snippet:-1, max-image-preview:large, max-video-preview:-1\" \/>\n<link rel=\"canonical\" href=\"https:\/\/pludmalesteniss.lv\/ru\/pludmales-tenisa-vesture\/\" \/>\n<meta property=\"og:locale\" content=\"ru_RU\" \/>\n<meta property=\"og:type\" content=\"article\" \/>\n<meta property=\"og:title\" content=\"Pludmales tenisa v\u0113sture - PLUDMALES TENISS\" \/>\n<meta property=\"og:description\" content=\"Pludmales teniss ir aizraujo\u0161s un dinamisks sporta veids, kur\u0101 apvienoti tenisa un pludmales volejbola elementi. P\u0113d\u0113jos gados tas ir ieguvis iev\u0113rojamu popularit\u0101ti vis\u0101 pasaul\u0113, piesaistot gan profesion\u0101lus sportistus, gan pludmales entuziastus. Izcelsme un pirms\u0101kumiPludmales tenisa v\u0113sture aizs\u0101k\u0101s 20. gadsimta 70. gados It\u0101lijas piekrast\u0113. S\u0101kotn\u0113ji tas bija tikai atp\u016btas sporta veids, ko viet\u0113jie iedz\u012bvot\u0101ji un t\u016bristi&hellip;&nbsp;\u041f\u043e\u0434\u0440\u043e\u0431\u043d\u0435\u0435 &raquo;Pludmales tenisa v\u0113sture\" \/>\n<meta property=\"og:url\" content=\"https:\/\/pludmalesteniss.lv\/ru\/pludmales-tenisa-vesture\/\" \/>\n<meta property=\"og:site_name\" content=\"PLUDMALES TENISS\" \/>\n<meta property=\"article:modified_time\" content=\"2024-05-20T16:06:09+00:00\" \/>\n<meta name=\"twitter:card\" content=\"summary_large_image\" \/>\n<meta name=\"twitter:label1\" content=\"\u041f\u0440\u0438\u043c\u0435\u0440\u043d\u043e\u0435 \u0432\u0440\u0435\u043c\u044f \u0434\u043b\u044f \u0447\u0442\u0435\u043d\u0438\u044f\" \/>\n\t<meta name=\"twitter:data1\" content=\"3 \u043c\u0438\u043d\u0443\u0442\u044b\" \/>\n<script type=\"application\/ld+json\" class=\"yoast-schema-graph\">{\"@context\":\"https:\/\/schema.org\",\"@graph\":[{\"@type\":\"WebPage\",\"@id\":\"https:\/\/pludmalesteniss.lv\/pludmales-tenisa-vesture\/\",\"url\":\"https:\/\/pludmalesteniss.lv\/pludmales-tenisa-vesture\/\",\"name\":\"Pludmales tenisa v\u0113sture - PLUDMALES TENISS\",\"isPartOf\":{\"@id\":\"https:\/\/pludmalesteniss.lv\/#website\"},\"datePublished\":\"2024-05-17T13:40:32+00:00\",\"dateModified\":\"2024-05-20T16:06:09+00:00\",\"breadcrumb\":{\"@id\":\"https:\/\/pludmalesteniss.lv\/pludmales-tenisa-vesture\/#breadcrumb\"},\"inLanguage\":\"ru-RU\",\"potentialAction\":[{\"@type\":\"ReadAction\",\"target\":[\"https:\/\/pludmalesteniss.lv\/pludmales-tenisa-vesture\/\"]}]},{\"@type\":\"BreadcrumbList\",\"@id\":\"https:\/\/pludmalesteniss.lv\/pludmales-tenisa-vesture\/#breadcrumb\",\"itemListElement\":[{\"@type\":\"ListItem\",\"position\":1,\"name\":\"Home\",\"item\":\"https:\/\/pludmalesteniss.lv\/\"},{\"@type\":\"ListItem\",\"position\":2,\"name\":\"Pludmales tenisa v\u0113sture\"}]},{\"@type\":\"WebSite\",\"@id\":\"https:\/\/pludmalesteniss.lv\/#website\",\"url\":\"https:\/\/pludmalesteniss.lv\/\",\"name\":\"LATVIJAS PLUDMALES TENISS\",\"description\":\"Pludmales teniss Latvij\u0101\",\"publisher\":{\"@id\":\"https:\/\/pludmalesteniss.lv\/#organization\"},\"potentialAction\":[{\"@type\":\"SearchAction\",\"target\":{\"@type\":\"EntryPoint\",\"urlTemplate\":\"https:\/\/pludmalesteniss.lv\/?s={search_term_string}\"},\"query-input\":\"required name=search_term_string\"}],\"inLanguage\":\"ru-RU\"},{\"@type\":\"Organization\",\"@id\":\"https:\/\/pludmalesteniss.lv\/#organization\",\"name\":\"LATVIJAS PLUDMALES TENISS\",\"url\":\"https:\/\/pludmalesteniss.lv\/\",\"logo\":{\"@type\":\"ImageObject\",\"inLanguage\":\"ru-RU\",\"@id\":\"https:\/\/pludmalesteniss.lv\/#\/schema\/logo\/image\/\",\"url\":\"https:\/\/pludmalesteniss.lv\/wp-content\/uploads\/2024\/04\/cropped-logo1.jpg\",\"contentUrl\":\"https:\/\/pludmalesteniss.lv\/wp-content\/uploads\/2024\/04\/cropped-logo1.jpg\",\"width\":512,\"height\":512,\"caption\":\"LATVIJAS PLUDMALES TENISS\"},\"image\":{\"@id\":\"https:\/\/pludmalesteniss.lv\/#\/schema\/logo\/image\/\"}}]}<\/script>\n<!-- \/ Yoast SEO plugin. -->","yoast_head_json":{"title":"Pludmales tenisa v\u0113sture - PLUDMALES TENISS","robots":{"index":"index","follow":"follow","max-snippet":"max-snippet:-1","max-image-preview":"max-image-preview:large","max-video-preview":"max-video-preview:-1"},"canonical":"https:\/\/pludmalesteniss.lv\/ru\/pludmales-tenisa-vesture\/","og_locale":"ru_RU","og_type":"article","og_title":"Pludmales tenisa v\u0113sture - PLUDMALES TENISS","og_description":"Pludmales teniss ir aizraujo\u0161s un dinamisks sporta veids, kur\u0101 apvienoti tenisa un pludmales volejbola elementi. P\u0113d\u0113jos gados tas ir ieguvis iev\u0113rojamu popularit\u0101ti vis\u0101 pasaul\u0113, piesaistot gan profesion\u0101lus sportistus, gan pludmales entuziastus. Izcelsme un pirms\u0101kumiPludmales tenisa v\u0113sture aizs\u0101k\u0101s 20. gadsimta 70. gados It\u0101lijas piekrast\u0113. S\u0101kotn\u0113ji tas bija tikai atp\u016btas sporta veids, ko viet\u0113jie iedz\u012bvot\u0101ji un t\u016bristi&hellip;&nbsp;\u041f\u043e\u0434\u0440\u043e\u0431\u043d\u0435\u0435 &raquo;Pludmales tenisa v\u0113sture","og_url":"https:\/\/pludmalesteniss.lv\/ru\/pludmales-tenisa-vesture\/","og_site_name":"PLUDMALES TENISS","article_modified_time":"2024-05-20T16:06:09+00:00","twitter_card":"summary_large_image","twitter_misc":{"\u041f\u0440\u0438\u043c\u0435\u0440\u043d\u043e\u0435 \u0432\u0440\u0435\u043c\u044f \u0434\u043b\u044f \u0447\u0442\u0435\u043d\u0438\u044f":"3 \u043c\u0438\u043d\u0443\u0442\u044b"},"schema":{"@context":"https:\/\/schema.org","@graph":[{"@type":"WebPage","@id":"https:\/\/pludmalesteniss.lv\/pludmales-tenisa-vesture\/","url":"https:\/\/pludmalesteniss.lv\/pludmales-tenisa-vesture\/","name":"Pludmales tenisa v\u0113sture - PLUDMALES TENISS","isPartOf":{"@id":"https:\/\/pludmalesteniss.lv\/#website"},"datePublished":"2024-05-17T13:40:32+00:00","dateModified":"2024-05-20T16:06:09+00:00","breadcrumb":{"@id":"https:\/\/pludmalesteniss.lv\/pludmales-tenisa-vesture\/#breadcrumb"},"inLanguage":"ru-RU","potentialAction":[{"@type":"ReadAction","target":["https:\/\/pludmalesteniss.lv\/pludmales-tenisa-vesture\/"]}]},{"@type":"BreadcrumbList","@id":"https:\/\/pludmalesteniss.lv\/pludmales-tenisa-vesture\/#breadcrumb","itemListElement":[{"@type":"ListItem","position":1,"name":"Home","item":"https:\/\/pludmalesteniss.lv\/"},{"@type":"ListItem","position":2,"name":"Pludmales tenisa v\u0113sture"}]},{"@type":"WebSite","@id":"https:\/\/pludmalesteniss.lv\/#website","url":"https:\/\/pludmalesteniss.lv\/","name":"LATVIJAS PLUDMALES TENISS","description":"Pludmales teniss Latvij\u0101","publisher":{"@id":"https:\/\/pludmalesteniss.lv\/#organization"},"potentialAction":[{"@type":"SearchAction","target":{"@type":"EntryPoint","urlTemplate":"https:\/\/pludmalesteniss.lv\/?s={search_term_string}"},"query-input":"required name=search_term_string"}],"inLanguage":"ru-RU"},{"@type":"Organization","@id":"https:\/\/pludmalesteniss.lv\/#organization","name":"LATVIJAS PLUDMALES TENISS","url":"https:\/\/pludmalesteniss.lv\/","logo":{"@type":"ImageObject","inLanguage":"ru-RU","@id":"https:\/\/pludmalesteniss.lv\/#\/schema\/logo\/image\/","url":"https:\/\/pludmalesteniss.lv\/wp-content\/uploads\/2024\/04\/cropped-logo1.jpg","contentUrl":"https:\/\/pludmalesteniss.lv\/wp-content\/uploads\/2024\/04\/cropped-logo1.jpg","width":512,"height":512,"caption":"LATVIJAS PLUDMALES TENISS"},"image":{"@id":"https:\/\/pludmalesteniss.lv\/#\/schema\/logo\/image\/"}}]}},"_links":{"self":[{"href":"https:\/\/pludmalesteniss.lv\/ru\/wp-json\/wp\/v2\/pages\/164","targetHints":{"allow":["GET"]}}],"collection":[{"href":"https:\/\/pludmalesteniss.lv\/ru\/wp-json\/wp\/v2\/pages"}],"about":[{"href":"https:\/\/pludmalesteniss.lv\/ru\/wp-json\/wp\/v2\/types\/page"}],"author":[{"embeddable":true,"href":"https:\/\/pludmalesteniss.lv\/ru\/wp-json\/wp\/v2\/users\/1"}],"replies":[{"embeddable":true,"href":"https:\/\/pludmalesteniss.lv\/ru\/wp-json\/wp\/v2\/comments?post=164"}],"version-history":[{"count":9,"href":"https:\/\/pludmalesteniss.lv\/ru\/wp-json\/wp\/v2\/pages\/164\/revisions"}],"predecessor-version":[{"id":211,"href":"https:\/\/pludmalesteniss.lv\/ru\/wp-json\/wp\/v2\/pages\/164\/revisions\/211"}],"wp:attachment":[{"href":"https:\/\/pludmalesteniss.lv\/ru\/wp-json\/wp\/v2\/media?parent=164"}],"curies":[{"name":"wp","href":"https:\/\/api.w.org\/{rel}","templated":true}]}}