{"id":79,"date":"2024-04-20T11:05:34","date_gmt":"2024-04-20T08:05:34","guid":{"rendered":"https:\/\/pludmalesteniss.lv\/?page_id=79"},"modified":"2024-05-31T09:17:16","modified_gmt":"2024-05-31T06:17:16","slug":"turnirs","status":"publish","type":"page","link":"https:\/\/pludmalesteniss.lv\/lv\/turnirs\/","title":{"rendered":"Sacens\u012bbas"},"content":{"rendered":"\n<p>Sada\u013c\u0101 Sacens\u012bbas j\u016bs atrad\u012bsiet visu nepiecie\u0161amo inform\u0101ciju par iepriek\u0161\u0113jiem un n\u0101kamajiem turn\u012briem. M\u0113s pied\u0101v\u0101jam detaliz\u0113tus iepriek\u0161\u0113jo turn\u012bru rezult\u0101tus, tostarp datus par uzvar\u0113t\u0101jiem, aizvad\u012btaj\u0101m sp\u0113l\u0113m un kop\u0113jo iespaidu par turn\u012bru. Tas pal\u012bdz\u0113s jums sekot l\u012bdzi jaun\u0101kaj\u0101m noris\u0113m un izmai\u0146\u0101m sporta pasaul\u0113.<\/p>\n\n\n\n<p>Varat ar\u012b atrast inform\u0101ciju par gaid\u0101majiem turn\u012briem, tostarp sp\u0113\u013cu grafikus, dal\u012bbniekus, noteikumus un daudz ko citu. M\u016bsu komanda past\u0101v\u012bgi atjaunina datus, lai j\u016bs b\u016btu inform\u0113ts par aktu\u0101l\u0101kajiem notikumiem un var\u0113tu iepriek\u0161 pl\u0101not savu dal\u012bbu vai turn\u012bru v\u0113ro\u0161anu.<\/p>\n\n\n\n<p>Esiet sporta notikumu centr\u0101 ar m\u016bsu sada\u013cu &#8220;Turn\u012bri&#8221;, kur\u0101 ikviens atrad\u012bs sev interes\u0113jo\u0161u inform\u0101ciju neatkar\u012bgi no t\u0101, vai esat profesion\u0101ls sportists, amatieris vai vienk\u0101r\u0161i aizraujo\u0161u sacens\u012bbu fans. Sekojiet l\u012bdzi jaunumiem, pazi\u0146ojumiem un rezult\u0101tiem, lai b\u016btu lietas kurs\u0101 par svar\u012bg\u0101kajiem notikumiem sporta pasaul\u0113.<\/p>\n","protected":false},"excerpt":{"rendered":"<p>Sada\u013c\u0101 Sacens\u012bbas j\u016bs atrad\u012bsiet visu nepiecie\u0161amo inform\u0101ciju par iepriek\u0161\u0113jiem un n\u0101kamajiem turn\u012briem. M\u0113s pied\u0101v\u0101jam detaliz\u0113tus iepriek\u0161\u0113jo turn\u012bru rezult\u0101tus, tostarp datus par uzvar\u0113t\u0101jiem, aizvad\u012btaj\u0101m sp\u0113l\u0113m un kop\u0113jo iespaidu par turn\u012bru. Tas pal\u012bdz\u0113s jums sekot l\u012bdzi jaun\u0101kaj\u0101m noris\u0113m un izmai\u0146\u0101m sporta pasaul\u0113. Varat ar\u012b atrast inform\u0101ciju par gaid\u0101majiem turn\u012briem, tostarp sp\u0113\u013cu grafikus, dal\u012bbniekus, noteikumus un daudz ko&hellip;&nbsp;<a href=\"https:\/\/pludmalesteniss.lv\/lv\/turnirs\/\" class=\"\" rel=\"bookmark\">Read More &raquo;<span class=\"screen-reader-text\">Sacens\u012bbas<\/span><\/a><\/p>\n","protected":false},"author":1,"featured_media":0,"parent":0,"menu_order":0,"comment_status":"closed","ping_status":"closed","template":"","meta":{"neve_meta_sidebar":"","neve_meta_container":"","neve_meta_enable_content_width":"","neve_meta_content_width":0,"neve_meta_title_alignment":"","neve_meta_author_avatar":"","neve_post_elements_order":"","neve_meta_disable_header":"","neve_meta_disable_footer":"","neve_meta_disable_title":"","footnotes":""},"class_list":["post-79","page","type-page","status-publish","hentry"],"yoast_head":"<!-- This site is optimized with the Yoast SEO plugin v23.0 - https:\/\/yoast.com\/wordpress\/plugins\/seo\/ -->\n<title>Sacens\u012bbas - PLUDMALES TENISS<\/title>\n<meta name=\"robots\" content=\"index, follow, max-snippet:-1, max-image-preview:large, max-video-preview:-1\" \/>\n<link rel=\"canonical\" href=\"https:\/\/pludmalesteniss.lv\/lv\/turnirs\/\" \/>\n<meta property=\"og:locale\" content=\"lv_LV\" \/>\n<meta property=\"og:type\" content=\"article\" \/>\n<meta property=\"og:title\" content=\"Sacens\u012bbas - PLUDMALES TENISS\" \/>\n<meta property=\"og:description\" content=\"Sada\u013c\u0101 Sacens\u012bbas j\u016bs atrad\u012bsiet visu nepiecie\u0161amo inform\u0101ciju par iepriek\u0161\u0113jiem un n\u0101kamajiem turn\u012briem. M\u0113s pied\u0101v\u0101jam detaliz\u0113tus iepriek\u0161\u0113jo turn\u012bru rezult\u0101tus, tostarp datus par uzvar\u0113t\u0101jiem, aizvad\u012btaj\u0101m sp\u0113l\u0113m un kop\u0113jo iespaidu par turn\u012bru. Tas pal\u012bdz\u0113s jums sekot l\u012bdzi jaun\u0101kaj\u0101m noris\u0113m un izmai\u0146\u0101m sporta pasaul\u0113. Varat ar\u012b atrast inform\u0101ciju par gaid\u0101majiem turn\u012briem, tostarp sp\u0113\u013cu grafikus, dal\u012bbniekus, noteikumus un daudz ko&hellip;&nbsp;Read More &raquo;Sacens\u012bbas\" \/>\n<meta property=\"og:url\" content=\"https:\/\/pludmalesteniss.lv\/lv\/turnirs\/\" \/>\n<meta property=\"og:site_name\" content=\"PLUDMALES TENISS\" \/>\n<meta property=\"article:modified_time\" content=\"2024-05-31T06:17:16+00:00\" \/>\n<meta name=\"twitter:card\" content=\"summary_large_image\" \/>\n<meta name=\"twitter:label1\" content=\"Est. reading time\" \/>\n\t<meta name=\"twitter:data1\" content=\"1 min\u016bte\" \/>\n<script type=\"application\/ld+json\" class=\"yoast-schema-graph\">{\"@context\":\"https:\/\/schema.org\",\"@graph\":[{\"@type\":\"WebPage\",\"@id\":\"https:\/\/pludmalesteniss.lv\/turnirs\/\",\"url\":\"https:\/\/pludmalesteniss.lv\/turnirs\/\",\"name\":\"Sacens\u012bbas - PLUDMALES TENISS\",\"isPartOf\":{\"@id\":\"https:\/\/pludmalesteniss.lv\/#website\"},\"datePublished\":\"2024-04-20T08:05:34+00:00\",\"dateModified\":\"2024-05-31T06:17:16+00:00\",\"breadcrumb\":{\"@id\":\"https:\/\/pludmalesteniss.lv\/turnirs\/#breadcrumb\"},\"inLanguage\":\"lv-LV\",\"potentialAction\":[{\"@type\":\"ReadAction\",\"target\":[\"https:\/\/pludmalesteniss.lv\/turnirs\/\"]}]},{\"@type\":\"BreadcrumbList\",\"@id\":\"https:\/\/pludmalesteniss.lv\/turnirs\/#breadcrumb\",\"itemListElement\":[{\"@type\":\"ListItem\",\"position\":1,\"name\":\"Home\",\"item\":\"https:\/\/pludmalesteniss.lv\/\"},{\"@type\":\"ListItem\",\"position\":2,\"name\":\"Sacens\u012bbas\"}]},{\"@type\":\"WebSite\",\"@id\":\"https:\/\/pludmalesteniss.lv\/#website\",\"url\":\"https:\/\/pludmalesteniss.lv\/\",\"name\":\"LATVIJAS PLUDMALES TENISS\",\"description\":\"Pludmales teniss Latvij\u0101\",\"publisher\":{\"@id\":\"https:\/\/pludmalesteniss.lv\/#organization\"},\"potentialAction\":[{\"@type\":\"SearchAction\",\"target\":{\"@type\":\"EntryPoint\",\"urlTemplate\":\"https:\/\/pludmalesteniss.lv\/?s={search_term_string}\"},\"query-input\":\"required name=search_term_string\"}],\"inLanguage\":\"lv-LV\"},{\"@type\":\"Organization\",\"@id\":\"https:\/\/pludmalesteniss.lv\/#organization\",\"name\":\"LATVIJAS PLUDMALES TENISS\",\"url\":\"https:\/\/pludmalesteniss.lv\/\",\"logo\":{\"@type\":\"ImageObject\",\"inLanguage\":\"lv-LV\",\"@id\":\"https:\/\/pludmalesteniss.lv\/#\/schema\/logo\/image\/\",\"url\":\"https:\/\/pludmalesteniss.lv\/wp-content\/uploads\/2024\/04\/cropped-logo1.jpg\",\"contentUrl\":\"https:\/\/pludmalesteniss.lv\/wp-content\/uploads\/2024\/04\/cropped-logo1.jpg\",\"width\":512,\"height\":512,\"caption\":\"LATVIJAS PLUDMALES TENISS\"},\"image\":{\"@id\":\"https:\/\/pludmalesteniss.lv\/#\/schema\/logo\/image\/\"}}]}<\/script>\n<!-- \/ Yoast SEO plugin. -->","yoast_head_json":{"title":"Sacens\u012bbas - PLUDMALES TENISS","robots":{"index":"index","follow":"follow","max-snippet":"max-snippet:-1","max-image-preview":"max-image-preview:large","max-video-preview":"max-video-preview:-1"},"canonical":"https:\/\/pludmalesteniss.lv\/lv\/turnirs\/","og_locale":"lv_LV","og_type":"article","og_title":"Sacens\u012bbas - PLUDMALES TENISS","og_description":"Sada\u013c\u0101 Sacens\u012bbas j\u016bs atrad\u012bsiet visu nepiecie\u0161amo inform\u0101ciju par iepriek\u0161\u0113jiem un n\u0101kamajiem turn\u012briem. M\u0113s pied\u0101v\u0101jam detaliz\u0113tus iepriek\u0161\u0113jo turn\u012bru rezult\u0101tus, tostarp datus par uzvar\u0113t\u0101jiem, aizvad\u012btaj\u0101m sp\u0113l\u0113m un kop\u0113jo iespaidu par turn\u012bru. Tas pal\u012bdz\u0113s jums sekot l\u012bdzi jaun\u0101kaj\u0101m noris\u0113m un izmai\u0146\u0101m sporta pasaul\u0113. Varat ar\u012b atrast inform\u0101ciju par gaid\u0101majiem turn\u012briem, tostarp sp\u0113\u013cu grafikus, dal\u012bbniekus, noteikumus un daudz ko&hellip;&nbsp;Read More &raquo;Sacens\u012bbas","og_url":"https:\/\/pludmalesteniss.lv\/lv\/turnirs\/","og_site_name":"PLUDMALES TENISS","article_modified_time":"2024-05-31T06:17:16+00:00","twitter_card":"summary_large_image","twitter_misc":{"Est. reading time":"1 min\u016bte"},"schema":{"@context":"https:\/\/schema.org","@graph":[{"@type":"WebPage","@id":"https:\/\/pludmalesteniss.lv\/turnirs\/","url":"https:\/\/pludmalesteniss.lv\/turnirs\/","name":"Sacens\u012bbas - PLUDMALES TENISS","isPartOf":{"@id":"https:\/\/pludmalesteniss.lv\/#website"},"datePublished":"2024-04-20T08:05:34+00:00","dateModified":"2024-05-31T06:17:16+00:00","breadcrumb":{"@id":"https:\/\/pludmalesteniss.lv\/turnirs\/#breadcrumb"},"inLanguage":"lv-LV","potentialAction":[{"@type":"ReadAction","target":["https:\/\/pludmalesteniss.lv\/turnirs\/"]}]},{"@type":"BreadcrumbList","@id":"https:\/\/pludmalesteniss.lv\/turnirs\/#breadcrumb","itemListElement":[{"@type":"ListItem","position":1,"name":"Home","item":"https:\/\/pludmalesteniss.lv\/"},{"@type":"ListItem","position":2,"name":"Sacens\u012bbas"}]},{"@type":"WebSite","@id":"https:\/\/pludmalesteniss.lv\/#website","url":"https:\/\/pludmalesteniss.lv\/","name":"LATVIJAS PLUDMALES TENISS","description":"Pludmales teniss Latvij\u0101","publisher":{"@id":"https:\/\/pludmalesteniss.lv\/#organization"},"potentialAction":[{"@type":"SearchAction","target":{"@type":"EntryPoint","urlTemplate":"https:\/\/pludmalesteniss.lv\/?s={search_term_string}"},"query-input":"required name=search_term_string"}],"inLanguage":"lv-LV"},{"@type":"Organization","@id":"https:\/\/pludmalesteniss.lv\/#organization","name":"LATVIJAS PLUDMALES TENISS","url":"https:\/\/pludmalesteniss.lv\/","logo":{"@type":"ImageObject","inLanguage":"lv-LV","@id":"https:\/\/pludmalesteniss.lv\/#\/schema\/logo\/image\/","url":"https:\/\/pludmalesteniss.lv\/wp-content\/uploads\/2024\/04\/cropped-logo1.jpg","contentUrl":"https:\/\/pludmalesteniss.lv\/wp-content\/uploads\/2024\/04\/cropped-logo1.jpg","width":512,"height":512,"caption":"LATVIJAS PLUDMALES TENISS"},"image":{"@id":"https:\/\/pludmalesteniss.lv\/#\/schema\/logo\/image\/"}}]}},"_links":{"self":[{"href":"https:\/\/pludmalesteniss.lv\/lv\/wp-json\/wp\/v2\/pages\/79","targetHints":{"allow":["GET"]}}],"collection":[{"href":"https:\/\/pludmalesteniss.lv\/lv\/wp-json\/wp\/v2\/pages"}],"about":[{"href":"https:\/\/pludmalesteniss.lv\/lv\/wp-json\/wp\/v2\/types\/page"}],"author":[{"embeddable":true,"href":"https:\/\/pludmalesteniss.lv\/lv\/wp-json\/wp\/v2\/users\/1"}],"replies":[{"embeddable":true,"href":"https:\/\/pludmalesteniss.lv\/lv\/wp-json\/wp\/v2\/comments?post=79"}],"version-history":[{"count":9,"href":"https:\/\/pludmalesteniss.lv\/lv\/wp-json\/wp\/v2\/pages\/79\/revisions"}],"predecessor-version":[{"id":347,"href":"https:\/\/pludmalesteniss.lv\/lv\/wp-json\/wp\/v2\/pages\/79\/revisions\/347"}],"wp:attachment":[{"href":"https:\/\/pludmalesteniss.lv\/lv\/wp-json\/wp\/v2\/media?parent=79"}],"curies":[{"name":"wp","href":"https:\/\/api.w.org\/{rel}","templated":true}]}}