{"id":7,"date":"2024-04-20T09:56:55","date_gmt":"2024-04-20T06:56:55","guid":{"rendered":"https:\/\/pludmalesteniss.lv\/?page_id=7"},"modified":"2024-06-02T09:41:47","modified_gmt":"2024-06-02T06:41:47","slug":"home","status":"publish","type":"page","link":"https:\/\/pludmalesteniss.lv\/lv\/","title":{"rendered":"Galven\u0101"},"content":{"rendered":"\n<div class=\"wp-block-cover alignfull is-light\" style=\"min-height:553px;aspect-ratio:unset;\"><span aria-hidden=\"true\" class=\"wp-block-cover__background has-background-dim-0 has-background-dim\" style=\"background-color:#b59e96\"><\/span><img loading=\"lazy\" decoding=\"async\" width=\"1134\" height=\"966\" class=\"wp-block-cover__image-background wp-image-38\" alt=\"\" src=\"https:\/\/pludmalesteniss.lv\/wp-content\/uploads\/2024\/04\/beach-tennis1.jpeg\" data-object-fit=\"cover\" srcset=\"https:\/\/pludmalesteniss.lv\/wp-content\/uploads\/2024\/04\/beach-tennis1.jpeg 1134w, https:\/\/pludmalesteniss.lv\/wp-content\/uploads\/2024\/04\/beach-tennis1-300x256.jpeg 300w, https:\/\/pludmalesteniss.lv\/wp-content\/uploads\/2024\/04\/beach-tennis1-1024x872.jpeg 1024w, https:\/\/pludmalesteniss.lv\/wp-content\/uploads\/2024\/04\/beach-tennis1-768x654.jpeg 768w\" sizes=\"auto, (max-width: 1134px) 100vw, 1134px\" \/><div class=\"wp-block-cover__inner-container is-layout-flow wp-block-cover-is-layout-flow\">\n<div style=\"height:80px\" aria-hidden=\"true\" class=\"wp-block-spacer\"><\/div>\n\n\n\n<h1 class=\"wp-block-heading has-text-align-center has-text-color has-link-color wp-elements-42cbab0485e0b8cfe9668dc4a5b512d8\" style=\"color:#ececec\">LATVIJAS PLUDMALES TENISS<\/h1>\n\n\n\n<p class=\"has-text-align-center has-nv-site-bg-color has-text-color\" style=\"font-size:17px\"><strong>J\u016bra, saule, teniss<\/strong><\/p>\n\n\n\n<div class=\"wp-block-columns is-layout-flex wp-container-core-columns-is-layout-1 wp-block-columns-is-layout-flex\">\n<div class=\"wp-block-column is-layout-flow wp-block-column-is-layout-flow\" style=\"flex-basis:100%\">\n<div class=\"wp-block-buttons is-content-justification-center is-layout-flex wp-container-core-buttons-is-layout-1 wp-block-buttons-is-layout-flex\">\n<div class=\"wp-block-button is-style-primary\"><a class=\"wp-block-button__link has-nv-site-bg-color has-text-color has-link-color wp-element-button\" href=\"https:\/\/pludmalesteniss.lv\/par-pludmales-tenisu\/\">PAR TENISU<\/a><\/div>\n\n\n\n<div class=\"wp-block-button is-style-secondary\"><a class=\"wp-block-button__link has-nv-site-bg-color has-text-color has-link-color wp-element-button\" href=\"https:\/\/pludmalesteniss.lv\/izsludinatie-turniri\/\">TURN\u012aRI<\/a><\/div>\n<\/div>\n<\/div>\n<\/div>\n\n\n\n<div style=\"height:80px\" aria-hidden=\"true\" class=\"wp-block-spacer\"><\/div>\n\n\n\n<div style=\"height:80px\" aria-hidden=\"true\" class=\"wp-block-spacer\"><\/div>\n\n\n\n<p><\/p>\n<\/div><\/div>\n\n\n\n<h2 class=\"wp-block-heading has-text-align-center\">Pludmales teniss R\u012bg\u0101 un J\u016brmal\u0101<\/h2>\n\n\n\n<p class=\"has-text-align-center\">LATVIJAS PLUDMALES TENISS ir biedr\u012bba, kas vieno pludmales tenisa sp\u0113l\u0113t\u0101jus Latvij\u0101. M\u0113s esam viena no liel\u0101kaj\u0101m pludmales tenisa kopien\u0101m Latvij\u0101. M\u0113s ticam, ka tenisa prasmes var apg\u016bt jebkur\u0101 vecum\u0101 un sp\u0113l\u0113\u0161ana sniedz lielu gandar\u012bjumu. Kluba biedriem m\u0113s regul\u0101ri r\u012bkojam da\u017e\u0101dus pas\u0101kumus, k\u0101 piem\u0113ram, turn\u012brus un sacens\u012bbas, k\u0101 ar\u012b neform\u0101lus pas\u0101kumus, k\u0101 piem\u0113ram, nometnes un korporat\u012bvos pas\u0101kumus.<\/p>\n\n\n\n<div class=\"wp-block-columns is-layout-flex wp-container-core-columns-is-layout-2 wp-block-columns-is-layout-flex\" style=\"border-style:none;border-width:0px;border-radius:0px;padding-top:var(--wp--preset--spacing--20);padding-right:var(--wp--preset--spacing--60);padding-bottom:var(--wp--preset--spacing--20);padding-left:var(--wp--preset--spacing--60)\">\n<div class=\"wp-block-column is-layout-flow wp-block-column-is-layout-flow\">\n<p class=\"has-text-align-center\"><strong>Tenisa treni\u0146i pieaugu\u0161ajiem<\/strong><br>Ies\u0101c\u0113jiem un amatieriem, individu\u0101li un grup\u0101s<\/p>\n<\/div>\n\n\n\n<div class=\"wp-block-column is-layout-flow wp-block-column-is-layout-flow\">\n<p class=\"has-text-align-center\"><strong>Tenisa treni\u0146i b\u0113rniem<\/strong><br>No 5 l\u012bdz 17 gadu vecumam individu\u0101li un grup\u0101s<\/p>\n<\/div>\n\n\n\n<div class=\"wp-block-column is-layout-flow wp-block-column-is-layout-flow\">\n<p class=\"has-text-align-center\"><strong>Turn\u012bri un sacens\u012bbas<\/strong><br>Da\u017e\u0101du l\u012bme\u0146u sp\u0113l\u0113t\u0101ju tenisa turn\u012bri<\/p>\n<\/div>\n<\/div>\n\n\n\n<div class=\"wp-block-columns is-layout-flex wp-container-core-columns-is-layout-3 wp-block-columns-is-layout-flex\">\n<div class=\"wp-block-column is-layout-flow wp-block-column-is-layout-flow\">\n<p class=\"has-text-align-center\"><strong>B\u0113rnu tenisa nometnes<\/strong><br>No 5 l\u012bdz 17 gadu vecumam<\/p>\n<\/div>\n\n\n\n<div class=\"wp-block-column is-layout-flow wp-block-column-is-layout-flow\">\n<p class=\"has-text-align-center\"><strong>Da\u017e\u0101di pas\u0101kumi<\/strong><br>Korporat\u012bvie pas\u0101kumi un citi neform\u0101lie tenisa notikumi<\/p>\n<\/div>\n<\/div>\n","protected":false},"excerpt":{"rendered":"<p>Pludmales teniss R\u012bg\u0101 un J\u016brmal\u0101 LATVIJAS PLUDMALES TENISS ir biedr\u012bba, kas vieno pludmales tenisa sp\u0113l\u0113t\u0101jus Latvij\u0101. M\u0113s esam viena no liel\u0101kaj\u0101m pludmales tenisa kopien\u0101m Latvij\u0101. M\u0113s ticam, ka tenisa prasmes var apg\u016bt jebkur\u0101 vecum\u0101 un sp\u0113l\u0113\u0161ana sniedz lielu gandar\u012bjumu. Kluba biedriem m\u0113s regul\u0101ri r\u012bkojam da\u017e\u0101dus pas\u0101kumus, k\u0101 piem\u0113ram, turn\u012brus un sacens\u012bbas, k\u0101 ar\u012b neform\u0101lus pas\u0101kumus,&hellip;&nbsp;<a href=\"https:\/\/pludmalesteniss.lv\/lv\/\" class=\"\" rel=\"bookmark\">Read More &raquo;<span class=\"screen-reader-text\">Galven\u0101<\/span><\/a><\/p>\n","protected":false},"author":1,"featured_media":0,"parent":0,"menu_order":0,"comment_status":"closed","ping_status":"closed","template":"","meta":{"neve_meta_sidebar":"default","neve_meta_container":"","neve_meta_enable_content_width":"on","neve_meta_content_width":100,"neve_meta_title_alignment":"","neve_meta_author_avatar":"","neve_post_elements_order":"","neve_meta_disable_header":"","neve_meta_disable_footer":"","neve_meta_disable_title":"on","footnotes":""},"class_list":["post-7","page","type-page","status-publish","hentry"],"yoast_head":"<!-- This site is optimized with the Yoast SEO plugin v23.0 - https:\/\/yoast.com\/wordpress\/plugins\/seo\/ -->\n<title>Galven\u0101 - PLUDMALES TENISS<\/title>\n<meta name=\"robots\" content=\"index, follow, max-snippet:-1, max-image-preview:large, max-video-preview:-1\" \/>\n<link rel=\"canonical\" href=\"https:\/\/pludmalesteniss.lv\/lv\/\" \/>\n<meta property=\"og:locale\" content=\"lv_LV\" \/>\n<meta property=\"og:type\" content=\"article\" \/>\n<meta property=\"og:title\" content=\"Galven\u0101 - PLUDMALES TENISS\" \/>\n<meta property=\"og:description\" content=\"Pludmales teniss R\u012bg\u0101 un J\u016brmal\u0101 LATVIJAS PLUDMALES TENISS ir biedr\u012bba, kas vieno pludmales tenisa sp\u0113l\u0113t\u0101jus Latvij\u0101. M\u0113s esam viena no liel\u0101kaj\u0101m pludmales tenisa kopien\u0101m Latvij\u0101. M\u0113s ticam, ka tenisa prasmes var apg\u016bt jebkur\u0101 vecum\u0101 un sp\u0113l\u0113\u0161ana sniedz lielu gandar\u012bjumu. Kluba biedriem m\u0113s regul\u0101ri r\u012bkojam da\u017e\u0101dus pas\u0101kumus, k\u0101 piem\u0113ram, turn\u012brus un sacens\u012bbas, k\u0101 ar\u012b neform\u0101lus pas\u0101kumus,&hellip;&nbsp;Read More &raquo;Galven\u0101\" \/>\n<meta property=\"og:url\" content=\"https:\/\/pludmalesteniss.lv\/lv\/\" \/>\n<meta property=\"og:site_name\" content=\"PLUDMALES TENISS\" \/>\n<meta property=\"article:modified_time\" content=\"2024-06-02T06:41:47+00:00\" \/>\n<meta property=\"og:image\" content=\"https:\/\/pludmalesteniss.lv\/wp-content\/uploads\/2024\/04\/beach-tennis1.jpeg\" \/>\n<meta name=\"twitter:card\" content=\"summary_large_image\" \/>\n<meta name=\"twitter:label1\" content=\"Est. reading time\" \/>\n\t<meta name=\"twitter:data1\" content=\"1 min\u016bte\" \/>\n<script type=\"application\/ld+json\" class=\"yoast-schema-graph\">{\"@context\":\"https:\/\/schema.org\",\"@graph\":[{\"@type\":\"WebPage\",\"@id\":\"https:\/\/pludmalesteniss.lv\/\",\"url\":\"https:\/\/pludmalesteniss.lv\/\",\"name\":\"Galven\u0101 - PLUDMALES TENISS\",\"isPartOf\":{\"@id\":\"https:\/\/pludmalesteniss.lv\/#website\"},\"primaryImageOfPage\":{\"@id\":\"https:\/\/pludmalesteniss.lv\/#primaryimage\"},\"image\":{\"@id\":\"https:\/\/pludmalesteniss.lv\/#primaryimage\"},\"thumbnailUrl\":\"https:\/\/pludmalesteniss.lv\/wp-content\/uploads\/2024\/04\/beach-tennis1.jpeg\",\"datePublished\":\"2024-04-20T06:56:55+00:00\",\"dateModified\":\"2024-06-02T06:41:47+00:00\",\"breadcrumb\":{\"@id\":\"https:\/\/pludmalesteniss.lv\/#breadcrumb\"},\"inLanguage\":\"lv-LV\",\"potentialAction\":[{\"@type\":\"ReadAction\",\"target\":[\"https:\/\/pludmalesteniss.lv\/\"]}]},{\"@type\":\"ImageObject\",\"inLanguage\":\"lv-LV\",\"@id\":\"https:\/\/pludmalesteniss.lv\/#primaryimage\",\"url\":\"https:\/\/pludmalesteniss.lv\/wp-content\/uploads\/2024\/04\/beach-tennis1.jpeg\",\"contentUrl\":\"https:\/\/pludmalesteniss.lv\/wp-content\/uploads\/2024\/04\/beach-tennis1.jpeg\"},{\"@type\":\"BreadcrumbList\",\"@id\":\"https:\/\/pludmalesteniss.lv\/#breadcrumb\",\"itemListElement\":[{\"@type\":\"ListItem\",\"position\":1,\"name\":\"Home\",\"item\":\"https:\/\/pludmalesteniss.lv\/\"},{\"@type\":\"ListItem\",\"position\":2,\"name\":\"Galven\u0101\"}]},{\"@type\":\"WebSite\",\"@id\":\"https:\/\/pludmalesteniss.lv\/#website\",\"url\":\"https:\/\/pludmalesteniss.lv\/\",\"name\":\"LATVIJAS PLUDMALES TENISS\",\"description\":\"Pludmales teniss Latvij\u0101\",\"publisher\":{\"@id\":\"https:\/\/pludmalesteniss.lv\/#organization\"},\"potentialAction\":[{\"@type\":\"SearchAction\",\"target\":{\"@type\":\"EntryPoint\",\"urlTemplate\":\"https:\/\/pludmalesteniss.lv\/?s={search_term_string}\"},\"query-input\":\"required name=search_term_string\"}],\"inLanguage\":\"lv-LV\"},{\"@type\":\"Organization\",\"@id\":\"https:\/\/pludmalesteniss.lv\/#organization\",\"name\":\"LATVIJAS PLUDMALES TENISS\",\"url\":\"https:\/\/pludmalesteniss.lv\/\",\"logo\":{\"@type\":\"ImageObject\",\"inLanguage\":\"lv-LV\",\"@id\":\"https:\/\/pludmalesteniss.lv\/#\/schema\/logo\/image\/\",\"url\":\"https:\/\/pludmalesteniss.lv\/wp-content\/uploads\/2024\/04\/cropped-logo1.jpg\",\"contentUrl\":\"https:\/\/pludmalesteniss.lv\/wp-content\/uploads\/2024\/04\/cropped-logo1.jpg\",\"width\":512,\"height\":512,\"caption\":\"LATVIJAS PLUDMALES TENISS\"},\"image\":{\"@id\":\"https:\/\/pludmalesteniss.lv\/#\/schema\/logo\/image\/\"}}]}<\/script>\n<!-- \/ Yoast SEO plugin. -->","yoast_head_json":{"title":"Galven\u0101 - PLUDMALES TENISS","robots":{"index":"index","follow":"follow","max-snippet":"max-snippet:-1","max-image-preview":"max-image-preview:large","max-video-preview":"max-video-preview:-1"},"canonical":"https:\/\/pludmalesteniss.lv\/lv\/","og_locale":"lv_LV","og_type":"article","og_title":"Galven\u0101 - PLUDMALES TENISS","og_description":"Pludmales teniss R\u012bg\u0101 un J\u016brmal\u0101 LATVIJAS PLUDMALES TENISS ir biedr\u012bba, kas vieno pludmales tenisa sp\u0113l\u0113t\u0101jus Latvij\u0101. M\u0113s esam viena no liel\u0101kaj\u0101m pludmales tenisa kopien\u0101m Latvij\u0101. M\u0113s ticam, ka tenisa prasmes var apg\u016bt jebkur\u0101 vecum\u0101 un sp\u0113l\u0113\u0161ana sniedz lielu gandar\u012bjumu. Kluba biedriem m\u0113s regul\u0101ri r\u012bkojam da\u017e\u0101dus pas\u0101kumus, k\u0101 piem\u0113ram, turn\u012brus un sacens\u012bbas, k\u0101 ar\u012b neform\u0101lus pas\u0101kumus,&hellip;&nbsp;Read More &raquo;Galven\u0101","og_url":"https:\/\/pludmalesteniss.lv\/lv\/","og_site_name":"PLUDMALES TENISS","article_modified_time":"2024-06-02T06:41:47+00:00","og_image":[{"url":"https:\/\/pludmalesteniss.lv\/wp-content\/uploads\/2024\/04\/beach-tennis1.jpeg"}],"twitter_card":"summary_large_image","twitter_misc":{"Est. reading time":"1 min\u016bte"},"schema":{"@context":"https:\/\/schema.org","@graph":[{"@type":"WebPage","@id":"https:\/\/pludmalesteniss.lv\/","url":"https:\/\/pludmalesteniss.lv\/","name":"Galven\u0101 - PLUDMALES TENISS","isPartOf":{"@id":"https:\/\/pludmalesteniss.lv\/#website"},"primaryImageOfPage":{"@id":"https:\/\/pludmalesteniss.lv\/#primaryimage"},"image":{"@id":"https:\/\/pludmalesteniss.lv\/#primaryimage"},"thumbnailUrl":"https:\/\/pludmalesteniss.lv\/wp-content\/uploads\/2024\/04\/beach-tennis1.jpeg","datePublished":"2024-04-20T06:56:55+00:00","dateModified":"2024-06-02T06:41:47+00:00","breadcrumb":{"@id":"https:\/\/pludmalesteniss.lv\/#breadcrumb"},"inLanguage":"lv-LV","potentialAction":[{"@type":"ReadAction","target":["https:\/\/pludmalesteniss.lv\/"]}]},{"@type":"ImageObject","inLanguage":"lv-LV","@id":"https:\/\/pludmalesteniss.lv\/#primaryimage","url":"https:\/\/pludmalesteniss.lv\/wp-content\/uploads\/2024\/04\/beach-tennis1.jpeg","contentUrl":"https:\/\/pludmalesteniss.lv\/wp-content\/uploads\/2024\/04\/beach-tennis1.jpeg"},{"@type":"BreadcrumbList","@id":"https:\/\/pludmalesteniss.lv\/#breadcrumb","itemListElement":[{"@type":"ListItem","position":1,"name":"Home","item":"https:\/\/pludmalesteniss.lv\/"},{"@type":"ListItem","position":2,"name":"Galven\u0101"}]},{"@type":"WebSite","@id":"https:\/\/pludmalesteniss.lv\/#website","url":"https:\/\/pludmalesteniss.lv\/","name":"LATVIJAS PLUDMALES TENISS","description":"Pludmales teniss Latvij\u0101","publisher":{"@id":"https:\/\/pludmalesteniss.lv\/#organization"},"potentialAction":[{"@type":"SearchAction","target":{"@type":"EntryPoint","urlTemplate":"https:\/\/pludmalesteniss.lv\/?s={search_term_string}"},"query-input":"required name=search_term_string"}],"inLanguage":"lv-LV"},{"@type":"Organization","@id":"https:\/\/pludmalesteniss.lv\/#organization","name":"LATVIJAS PLUDMALES TENISS","url":"https:\/\/pludmalesteniss.lv\/","logo":{"@type":"ImageObject","inLanguage":"lv-LV","@id":"https:\/\/pludmalesteniss.lv\/#\/schema\/logo\/image\/","url":"https:\/\/pludmalesteniss.lv\/wp-content\/uploads\/2024\/04\/cropped-logo1.jpg","contentUrl":"https:\/\/pludmalesteniss.lv\/wp-content\/uploads\/2024\/04\/cropped-logo1.jpg","width":512,"height":512,"caption":"LATVIJAS PLUDMALES TENISS"},"image":{"@id":"https:\/\/pludmalesteniss.lv\/#\/schema\/logo\/image\/"}}]}},"_links":{"self":[{"href":"https:\/\/pludmalesteniss.lv\/lv\/wp-json\/wp\/v2\/pages\/7","targetHints":{"allow":["GET"]}}],"collection":[{"href":"https:\/\/pludmalesteniss.lv\/lv\/wp-json\/wp\/v2\/pages"}],"about":[{"href":"https:\/\/pludmalesteniss.lv\/lv\/wp-json\/wp\/v2\/types\/page"}],"author":[{"embeddable":true,"href":"https:\/\/pludmalesteniss.lv\/lv\/wp-json\/wp\/v2\/users\/1"}],"replies":[{"embeddable":true,"href":"https:\/\/pludmalesteniss.lv\/lv\/wp-json\/wp\/v2\/comments?post=7"}],"version-history":[{"count":25,"href":"https:\/\/pludmalesteniss.lv\/lv\/wp-json\/wp\/v2\/pages\/7\/revisions"}],"predecessor-version":[{"id":383,"href":"https:\/\/pludmalesteniss.lv\/lv\/wp-json\/wp\/v2\/pages\/7\/revisions\/383"}],"wp:attachment":[{"href":"https:\/\/pludmalesteniss.lv\/lv\/wp-json\/wp\/v2\/media?parent=7"}],"curies":[{"name":"wp","href":"https:\/\/api.w.org\/{rel}","templated":true}]}}