{"id":3245,"date":"2025-07-23T09:38:04","date_gmt":"2025-07-23T06:38:04","guid":{"rendered":"https:\/\/pludmalesteniss.lv\/?page_id=3245"},"modified":"2025-07-23T09:38:40","modified_gmt":"2025-07-23T06:38:40","slug":"pieteiksanas-turniriem","status":"publish","type":"page","link":"https:\/\/pludmalesteniss.lv\/lv\/pieteiksanas-turniriem\/","title":{"rendered":"Pieteik\u0161an\u0101s turn\u012briem"},"content":{"rendered":"\n<p>Otrdienas grupa: NAV VIETU<\/p>\n\n\n\n<p>Ceturdienas grupa: <a href=\"https:\/\/chat.whatsapp.com\/I77NzjhzZsP5km6Rx5bqbQ\" target=\"_blank\" rel=\"noreferrer noopener\">pieteikties \u0161eit!<\/a><\/p>\n\n\n\n<p>Piektidenas grupa: <a href=\"https:\/\/chat.whatsapp.com\/Ezb3SKqMqofL2DuddXqhAT\" target=\"_blank\" rel=\"noreferrer noopener\">pieteikties \u0161eit!<\/a><\/p>\n","protected":false},"excerpt":{"rendered":"<p>Otrdienas grupa: NAV VIETU Ceturdienas grupa: pieteikties \u0161eit! Piektidenas grupa: pieteikties \u0161eit!<\/p>\n","protected":false},"author":1,"featured_media":0,"parent":0,"menu_order":0,"comment_status":"closed","ping_status":"closed","template":"","meta":{"neve_meta_sidebar":"","neve_meta_container":"","neve_meta_enable_content_width":"","neve_meta_content_width":0,"neve_meta_title_alignment":"","neve_meta_author_avatar":"","neve_post_elements_order":"","neve_meta_disable_header":"","neve_meta_disable_footer":"","neve_meta_disable_title":"","footnotes":""},"class_list":["post-3245","page","type-page","status-publish","hentry"],"yoast_head":"<!-- This site is optimized with the Yoast SEO plugin v23.0 - https:\/\/yoast.com\/wordpress\/plugins\/seo\/ -->\n<title>Pieteik\u0161an\u0101s turn\u012briem - PLUDMALES TENISS<\/title>\n<meta name=\"robots\" content=\"index, follow, max-snippet:-1, max-image-preview:large, max-video-preview:-1\" \/>\n<link rel=\"canonical\" href=\"https:\/\/pludmalesteniss.lv\/lv\/pieteiksanas-turniriem\/\" \/>\n<meta property=\"og:locale\" content=\"lv_LV\" \/>\n<meta property=\"og:type\" content=\"article\" \/>\n<meta property=\"og:title\" content=\"Pieteik\u0161an\u0101s turn\u012briem - PLUDMALES TENISS\" \/>\n<meta property=\"og:description\" content=\"Otrdienas grupa: NAV VIETU Ceturdienas grupa: pieteikties \u0161eit! Piektidenas grupa: pieteikties \u0161eit!\" \/>\n<meta property=\"og:url\" content=\"https:\/\/pludmalesteniss.lv\/lv\/pieteiksanas-turniriem\/\" \/>\n<meta property=\"og:site_name\" content=\"PLUDMALES TENISS\" \/>\n<meta property=\"article:modified_time\" content=\"2025-07-23T06:38:40+00:00\" \/>\n<meta name=\"twitter:card\" content=\"summary_large_image\" \/>\n<meta name=\"twitter:label1\" content=\"Est. reading time\" \/>\n\t<meta name=\"twitter:data1\" content=\"1 min\u016bte\" \/>\n<script type=\"application\/ld+json\" class=\"yoast-schema-graph\">{\"@context\":\"https:\/\/schema.org\",\"@graph\":[{\"@type\":\"WebPage\",\"@id\":\"https:\/\/pludmalesteniss.lv\/pieteiksanas-turniriem\/\",\"url\":\"https:\/\/pludmalesteniss.lv\/pieteiksanas-turniriem\/\",\"name\":\"Pieteik\u0161an\u0101s turn\u012briem - PLUDMALES TENISS\",\"isPartOf\":{\"@id\":\"https:\/\/pludmalesteniss.lv\/#website\"},\"datePublished\":\"2025-07-23T06:38:04+00:00\",\"dateModified\":\"2025-07-23T06:38:40+00:00\",\"breadcrumb\":{\"@id\":\"https:\/\/pludmalesteniss.lv\/pieteiksanas-turniriem\/#breadcrumb\"},\"inLanguage\":\"lv-LV\",\"potentialAction\":[{\"@type\":\"ReadAction\",\"target\":[\"https:\/\/pludmalesteniss.lv\/pieteiksanas-turniriem\/\"]}]},{\"@type\":\"BreadcrumbList\",\"@id\":\"https:\/\/pludmalesteniss.lv\/pieteiksanas-turniriem\/#breadcrumb\",\"itemListElement\":[{\"@type\":\"ListItem\",\"position\":1,\"name\":\"Home\",\"item\":\"https:\/\/pludmalesteniss.lv\/\"},{\"@type\":\"ListItem\",\"position\":2,\"name\":\"Pieteik\u0161an\u0101s turn\u012briem\"}]},{\"@type\":\"WebSite\",\"@id\":\"https:\/\/pludmalesteniss.lv\/#website\",\"url\":\"https:\/\/pludmalesteniss.lv\/\",\"name\":\"LATVIJAS PLUDMALES TENISS\",\"description\":\"Pludmales teniss Latvij\u0101\",\"publisher\":{\"@id\":\"https:\/\/pludmalesteniss.lv\/#organization\"},\"potentialAction\":[{\"@type\":\"SearchAction\",\"target\":{\"@type\":\"EntryPoint\",\"urlTemplate\":\"https:\/\/pludmalesteniss.lv\/?s={search_term_string}\"},\"query-input\":\"required name=search_term_string\"}],\"inLanguage\":\"lv-LV\"},{\"@type\":\"Organization\",\"@id\":\"https:\/\/pludmalesteniss.lv\/#organization\",\"name\":\"LATVIJAS PLUDMALES TENISS\",\"url\":\"https:\/\/pludmalesteniss.lv\/\",\"logo\":{\"@type\":\"ImageObject\",\"inLanguage\":\"lv-LV\",\"@id\":\"https:\/\/pludmalesteniss.lv\/#\/schema\/logo\/image\/\",\"url\":\"https:\/\/pludmalesteniss.lv\/wp-content\/uploads\/2024\/04\/cropped-logo1.jpg\",\"contentUrl\":\"https:\/\/pludmalesteniss.lv\/wp-content\/uploads\/2024\/04\/cropped-logo1.jpg\",\"width\":512,\"height\":512,\"caption\":\"LATVIJAS PLUDMALES TENISS\"},\"image\":{\"@id\":\"https:\/\/pludmalesteniss.lv\/#\/schema\/logo\/image\/\"}}]}<\/script>\n<!-- \/ Yoast SEO plugin. -->","yoast_head_json":{"title":"Pieteik\u0161an\u0101s turn\u012briem - PLUDMALES TENISS","robots":{"index":"index","follow":"follow","max-snippet":"max-snippet:-1","max-image-preview":"max-image-preview:large","max-video-preview":"max-video-preview:-1"},"canonical":"https:\/\/pludmalesteniss.lv\/lv\/pieteiksanas-turniriem\/","og_locale":"lv_LV","og_type":"article","og_title":"Pieteik\u0161an\u0101s turn\u012briem - PLUDMALES TENISS","og_description":"Otrdienas grupa: NAV VIETU Ceturdienas grupa: pieteikties \u0161eit! Piektidenas grupa: pieteikties \u0161eit!","og_url":"https:\/\/pludmalesteniss.lv\/lv\/pieteiksanas-turniriem\/","og_site_name":"PLUDMALES TENISS","article_modified_time":"2025-07-23T06:38:40+00:00","twitter_card":"summary_large_image","twitter_misc":{"Est. reading time":"1 min\u016bte"},"schema":{"@context":"https:\/\/schema.org","@graph":[{"@type":"WebPage","@id":"https:\/\/pludmalesteniss.lv\/pieteiksanas-turniriem\/","url":"https:\/\/pludmalesteniss.lv\/pieteiksanas-turniriem\/","name":"Pieteik\u0161an\u0101s turn\u012briem - PLUDMALES TENISS","isPartOf":{"@id":"https:\/\/pludmalesteniss.lv\/#website"},"datePublished":"2025-07-23T06:38:04+00:00","dateModified":"2025-07-23T06:38:40+00:00","breadcrumb":{"@id":"https:\/\/pludmalesteniss.lv\/pieteiksanas-turniriem\/#breadcrumb"},"inLanguage":"lv-LV","potentialAction":[{"@type":"ReadAction","target":["https:\/\/pludmalesteniss.lv\/pieteiksanas-turniriem\/"]}]},{"@type":"BreadcrumbList","@id":"https:\/\/pludmalesteniss.lv\/pieteiksanas-turniriem\/#breadcrumb","itemListElement":[{"@type":"ListItem","position":1,"name":"Home","item":"https:\/\/pludmalesteniss.lv\/"},{"@type":"ListItem","position":2,"name":"Pieteik\u0161an\u0101s turn\u012briem"}]},{"@type":"WebSite","@id":"https:\/\/pludmalesteniss.lv\/#website","url":"https:\/\/pludmalesteniss.lv\/","name":"LATVIJAS PLUDMALES TENISS","description":"Pludmales teniss Latvij\u0101","publisher":{"@id":"https:\/\/pludmalesteniss.lv\/#organization"},"potentialAction":[{"@type":"SearchAction","target":{"@type":"EntryPoint","urlTemplate":"https:\/\/pludmalesteniss.lv\/?s={search_term_string}"},"query-input":"required name=search_term_string"}],"inLanguage":"lv-LV"},{"@type":"Organization","@id":"https:\/\/pludmalesteniss.lv\/#organization","name":"LATVIJAS PLUDMALES TENISS","url":"https:\/\/pludmalesteniss.lv\/","logo":{"@type":"ImageObject","inLanguage":"lv-LV","@id":"https:\/\/pludmalesteniss.lv\/#\/schema\/logo\/image\/","url":"https:\/\/pludmalesteniss.lv\/wp-content\/uploads\/2024\/04\/cropped-logo1.jpg","contentUrl":"https:\/\/pludmalesteniss.lv\/wp-content\/uploads\/2024\/04\/cropped-logo1.jpg","width":512,"height":512,"caption":"LATVIJAS PLUDMALES TENISS"},"image":{"@id":"https:\/\/pludmalesteniss.lv\/#\/schema\/logo\/image\/"}}]}},"_links":{"self":[{"href":"https:\/\/pludmalesteniss.lv\/lv\/wp-json\/wp\/v2\/pages\/3245","targetHints":{"allow":["GET"]}}],"collection":[{"href":"https:\/\/pludmalesteniss.lv\/lv\/wp-json\/wp\/v2\/pages"}],"about":[{"href":"https:\/\/pludmalesteniss.lv\/lv\/wp-json\/wp\/v2\/types\/page"}],"author":[{"embeddable":true,"href":"https:\/\/pludmalesteniss.lv\/lv\/wp-json\/wp\/v2\/users\/1"}],"replies":[{"embeddable":true,"href":"https:\/\/pludmalesteniss.lv\/lv\/wp-json\/wp\/v2\/comments?post=3245"}],"version-history":[{"count":1,"href":"https:\/\/pludmalesteniss.lv\/lv\/wp-json\/wp\/v2\/pages\/3245\/revisions"}],"predecessor-version":[{"id":3246,"href":"https:\/\/pludmalesteniss.lv\/lv\/wp-json\/wp\/v2\/pages\/3245\/revisions\/3246"}],"wp:attachment":[{"href":"https:\/\/pludmalesteniss.lv\/lv\/wp-json\/wp\/v2\/media?parent=3245"}],"curies":[{"name":"wp","href":"https:\/\/api.w.org\/{rel}","templated":true}]}}