{"id":2435,"date":"2024-12-19T08:49:26","date_gmt":"2024-12-19T06:49:26","guid":{"rendered":"https:\/\/pludmalesteniss.lv\/?page_id=2435"},"modified":"2025-10-12T16:03:31","modified_gmt":"2025-10-12T13:03:31","slug":"sac-spelet-pludmales-tenisu","status":"publish","type":"page","link":"https:\/\/pludmalesteniss.lv\/lv\/sac-spelet-pludmales-tenisu\/","title":{"rendered":"S\u0101c sp\u0113l\u0113t!"},"content":{"rendered":"\n<p>Pludmales teniss nav tikai sporta veids, tas ir dz\u012bvesveids! Uz kortiem j\u016bs gaida jautra atmosf\u0113ra, jauni draugi un daudz pozitvu emociju.<\/p>\n\n\n\n<p><strong>K\u0101p\u0113c pludmales teniss ir lielisks?<\/strong><br>\ud83d\udd38 Ener\u0123iska sp\u0113le, kas apvieno tenisa, badmintona un volejbola elementus.<br>\ud83d\udd38 Piem\u0113rots visiem prasmju l\u012bme\u0146iem &#8211; no ies\u0101c\u0113jiem l\u012bdz pieredz\u0113ju\u0161iem sportistiem.<br>\ud83d\udd38 Sp\u0113le vienm\u0113r tiek sp\u0113l\u0113ta draudz\u012bg\u0101 un pozit\u012bv\u0101 atmosf\u0113r\u0101.<\/p>\n\n\n\n<p><strong>Absol\u016bta dro\u0161\u012bba!<br><\/strong>Aizmirstiet par ciet\u0101m virsm\u0101m! Pludmales teniss notiek uz m\u012bkst\u0101m smilt\u012bm, kas aizsarg\u0101 loc\u012btavas un samazina traumu risku. Katrs l\u0113ciens, katra kust\u012bba ir prieks, nevis slodze.<\/p>\n\n\n\n<p><strong>Ikvienam un katram!<br><\/strong>Mums ir grupas v\u012brie\u0161iem un sieviet\u0113m, kur\u0101s j\u016bs atrad\u012bsiet partneri atbilsto\u0161i savam l\u012bmenim un interes\u0113m. Sp\u0113l\u0113jiet, att\u012bstieties un izbaudiet akt\u012bv\u0101s br\u012bvdienas.<\/p>\n\n\n\n<p><strong>Vai esat gatavi s\u0101kt?<\/strong><br>Pievienojies m\u016bsu Whatsapp grup\u0101m un uzzini, kad notiks n\u0101kam\u0101s sp\u0113les:<br>\u27a1\ufe0f <a href=\"https:\/\/chat.whatsapp.com\/DCqcsb8tgklHjr3B4gT1xI\">Sievie\u0161u grupa<\/a><br>\u27a1\ufe0f <a href=\"https:\/\/chat.whatsapp.com\/CSFWf0XX9C7GnNNAOgUjcn\">V\u012brie\u0161u grupa<\/a><br>\u27a1\ufe0f <a href=\"https:\/\/chat.whatsapp.com\/Ezb3SKqMqofL2DuddXqhAT\">Piektdienas r\u012bta grupa<\/a><\/p>\n\n\n\n<p>Ieg\u016bstiet ener\u0123iju sportam un s\u0101ciet savu pludmales tenisa ce\u013cojumu jau \u0161odien! \ud83c\udfbe\u2728<\/p>\n","protected":false},"excerpt":{"rendered":"<p>Pludmales teniss nav tikai sporta veids, tas ir dz\u012bvesveids! Uz kortiem j\u016bs gaida jautra atmosf\u0113ra, jauni draugi un daudz pozitvu emociju. K\u0101p\u0113c pludmales teniss ir lielisks?\ud83d\udd38 Ener\u0123iska sp\u0113le, kas apvieno tenisa, badmintona un volejbola elementus.\ud83d\udd38 Piem\u0113rots visiem prasmju l\u012bme\u0146iem &#8211; no ies\u0101c\u0113jiem l\u012bdz pieredz\u0113ju\u0161iem sportistiem.\ud83d\udd38 Sp\u0113le vienm\u0113r tiek sp\u0113l\u0113ta draudz\u012bg\u0101 un pozit\u012bv\u0101 atmosf\u0113r\u0101. Absol\u016bta dro\u0161\u012bba!Aizmirstiet&hellip;&nbsp;<a href=\"https:\/\/pludmalesteniss.lv\/lv\/sac-spelet-pludmales-tenisu\/\" class=\"\" rel=\"bookmark\">Read More &raquo;<span class=\"screen-reader-text\">S\u0101c sp\u0113l\u0113t!<\/span><\/a><\/p>\n","protected":false},"author":1,"featured_media":0,"parent":0,"menu_order":0,"comment_status":"closed","ping_status":"closed","template":"","meta":{"neve_meta_sidebar":"","neve_meta_container":"","neve_meta_enable_content_width":"","neve_meta_content_width":0,"neve_meta_title_alignment":"","neve_meta_author_avatar":"","neve_post_elements_order":"","neve_meta_disable_header":"","neve_meta_disable_footer":"","neve_meta_disable_title":"","footnotes":""},"class_list":["post-2435","page","type-page","status-publish","hentry"],"yoast_head":"<!-- This site is optimized with the Yoast SEO plugin v23.0 - https:\/\/yoast.com\/wordpress\/plugins\/seo\/ -->\n<title>S\u0101c sp\u0113l\u0113t! - PLUDMALES TENISS<\/title>\n<meta name=\"description\" content=\"S\u0101c sp\u0113l\u0113t pludmales tenisu!\" \/>\n<meta name=\"robots\" content=\"index, follow, max-snippet:-1, max-image-preview:large, max-video-preview:-1\" \/>\n<link rel=\"canonical\" href=\"https:\/\/pludmalesteniss.lv\/lv\/sac-spelet-pludmales-tenisu\/\" \/>\n<meta property=\"og:locale\" content=\"lv_LV\" \/>\n<meta property=\"og:type\" content=\"article\" \/>\n<meta property=\"og:title\" content=\"S\u0101c sp\u0113l\u0113t! - PLUDMALES TENISS\" \/>\n<meta property=\"og:description\" content=\"S\u0101c sp\u0113l\u0113t pludmales tenisu!\" \/>\n<meta property=\"og:url\" content=\"https:\/\/pludmalesteniss.lv\/lv\/sac-spelet-pludmales-tenisu\/\" \/>\n<meta property=\"og:site_name\" content=\"PLUDMALES TENISS\" \/>\n<meta property=\"article:modified_time\" content=\"2025-10-12T13:03:31+00:00\" \/>\n<meta name=\"twitter:card\" content=\"summary_large_image\" \/>\n<meta name=\"twitter:label1\" content=\"Est. reading time\" \/>\n\t<meta name=\"twitter:data1\" content=\"1 min\u016bte\" \/>\n<script type=\"application\/ld+json\" class=\"yoast-schema-graph\">{\"@context\":\"https:\/\/schema.org\",\"@graph\":[{\"@type\":\"WebPage\",\"@id\":\"https:\/\/pludmalesteniss.lv\/sac-spelet-pludmales-tenisu\/\",\"url\":\"https:\/\/pludmalesteniss.lv\/sac-spelet-pludmales-tenisu\/\",\"name\":\"S\u0101c sp\u0113l\u0113t! - PLUDMALES TENISS\",\"isPartOf\":{\"@id\":\"https:\/\/pludmalesteniss.lv\/#website\"},\"datePublished\":\"2024-12-19T06:49:26+00:00\",\"dateModified\":\"2025-10-12T13:03:31+00:00\",\"description\":\"S\u0101c sp\u0113l\u0113t pludmales tenisu!\",\"breadcrumb\":{\"@id\":\"https:\/\/pludmalesteniss.lv\/sac-spelet-pludmales-tenisu\/#breadcrumb\"},\"inLanguage\":\"lv-LV\",\"potentialAction\":[{\"@type\":\"ReadAction\",\"target\":[\"https:\/\/pludmalesteniss.lv\/sac-spelet-pludmales-tenisu\/\"]}]},{\"@type\":\"BreadcrumbList\",\"@id\":\"https:\/\/pludmalesteniss.lv\/sac-spelet-pludmales-tenisu\/#breadcrumb\",\"itemListElement\":[{\"@type\":\"ListItem\",\"position\":1,\"name\":\"Home\",\"item\":\"https:\/\/pludmalesteniss.lv\/\"},{\"@type\":\"ListItem\",\"position\":2,\"name\":\"S\u0101c sp\u0113l\u0113t!\"}]},{\"@type\":\"WebSite\",\"@id\":\"https:\/\/pludmalesteniss.lv\/#website\",\"url\":\"https:\/\/pludmalesteniss.lv\/\",\"name\":\"LATVIJAS PLUDMALES TENISS\",\"description\":\"Pludmales teniss Latvij\u0101\",\"publisher\":{\"@id\":\"https:\/\/pludmalesteniss.lv\/#organization\"},\"potentialAction\":[{\"@type\":\"SearchAction\",\"target\":{\"@type\":\"EntryPoint\",\"urlTemplate\":\"https:\/\/pludmalesteniss.lv\/?s={search_term_string}\"},\"query-input\":\"required name=search_term_string\"}],\"inLanguage\":\"lv-LV\"},{\"@type\":\"Organization\",\"@id\":\"https:\/\/pludmalesteniss.lv\/#organization\",\"name\":\"LATVIJAS PLUDMALES TENISS\",\"url\":\"https:\/\/pludmalesteniss.lv\/\",\"logo\":{\"@type\":\"ImageObject\",\"inLanguage\":\"lv-LV\",\"@id\":\"https:\/\/pludmalesteniss.lv\/#\/schema\/logo\/image\/\",\"url\":\"https:\/\/pludmalesteniss.lv\/wp-content\/uploads\/2024\/04\/cropped-logo1.jpg\",\"contentUrl\":\"https:\/\/pludmalesteniss.lv\/wp-content\/uploads\/2024\/04\/cropped-logo1.jpg\",\"width\":512,\"height\":512,\"caption\":\"LATVIJAS PLUDMALES TENISS\"},\"image\":{\"@id\":\"https:\/\/pludmalesteniss.lv\/#\/schema\/logo\/image\/\"}}]}<\/script>\n<!-- \/ Yoast SEO plugin. -->","yoast_head_json":{"title":"S\u0101c sp\u0113l\u0113t! - PLUDMALES TENISS","description":"S\u0101c sp\u0113l\u0113t pludmales tenisu!","robots":{"index":"index","follow":"follow","max-snippet":"max-snippet:-1","max-image-preview":"max-image-preview:large","max-video-preview":"max-video-preview:-1"},"canonical":"https:\/\/pludmalesteniss.lv\/lv\/sac-spelet-pludmales-tenisu\/","og_locale":"lv_LV","og_type":"article","og_title":"S\u0101c sp\u0113l\u0113t! - PLUDMALES TENISS","og_description":"S\u0101c sp\u0113l\u0113t pludmales tenisu!","og_url":"https:\/\/pludmalesteniss.lv\/lv\/sac-spelet-pludmales-tenisu\/","og_site_name":"PLUDMALES TENISS","article_modified_time":"2025-10-12T13:03:31+00:00","twitter_card":"summary_large_image","twitter_misc":{"Est. reading time":"1 min\u016bte"},"schema":{"@context":"https:\/\/schema.org","@graph":[{"@type":"WebPage","@id":"https:\/\/pludmalesteniss.lv\/sac-spelet-pludmales-tenisu\/","url":"https:\/\/pludmalesteniss.lv\/sac-spelet-pludmales-tenisu\/","name":"S\u0101c sp\u0113l\u0113t! - PLUDMALES TENISS","isPartOf":{"@id":"https:\/\/pludmalesteniss.lv\/#website"},"datePublished":"2024-12-19T06:49:26+00:00","dateModified":"2025-10-12T13:03:31+00:00","description":"S\u0101c sp\u0113l\u0113t pludmales tenisu!","breadcrumb":{"@id":"https:\/\/pludmalesteniss.lv\/sac-spelet-pludmales-tenisu\/#breadcrumb"},"inLanguage":"lv-LV","potentialAction":[{"@type":"ReadAction","target":["https:\/\/pludmalesteniss.lv\/sac-spelet-pludmales-tenisu\/"]}]},{"@type":"BreadcrumbList","@id":"https:\/\/pludmalesteniss.lv\/sac-spelet-pludmales-tenisu\/#breadcrumb","itemListElement":[{"@type":"ListItem","position":1,"name":"Home","item":"https:\/\/pludmalesteniss.lv\/"},{"@type":"ListItem","position":2,"name":"S\u0101c sp\u0113l\u0113t!"}]},{"@type":"WebSite","@id":"https:\/\/pludmalesteniss.lv\/#website","url":"https:\/\/pludmalesteniss.lv\/","name":"LATVIJAS PLUDMALES TENISS","description":"Pludmales teniss Latvij\u0101","publisher":{"@id":"https:\/\/pludmalesteniss.lv\/#organization"},"potentialAction":[{"@type":"SearchAction","target":{"@type":"EntryPoint","urlTemplate":"https:\/\/pludmalesteniss.lv\/?s={search_term_string}"},"query-input":"required name=search_term_string"}],"inLanguage":"lv-LV"},{"@type":"Organization","@id":"https:\/\/pludmalesteniss.lv\/#organization","name":"LATVIJAS PLUDMALES TENISS","url":"https:\/\/pludmalesteniss.lv\/","logo":{"@type":"ImageObject","inLanguage":"lv-LV","@id":"https:\/\/pludmalesteniss.lv\/#\/schema\/logo\/image\/","url":"https:\/\/pludmalesteniss.lv\/wp-content\/uploads\/2024\/04\/cropped-logo1.jpg","contentUrl":"https:\/\/pludmalesteniss.lv\/wp-content\/uploads\/2024\/04\/cropped-logo1.jpg","width":512,"height":512,"caption":"LATVIJAS PLUDMALES TENISS"},"image":{"@id":"https:\/\/pludmalesteniss.lv\/#\/schema\/logo\/image\/"}}]}},"_links":{"self":[{"href":"https:\/\/pludmalesteniss.lv\/lv\/wp-json\/wp\/v2\/pages\/2435","targetHints":{"allow":["GET"]}}],"collection":[{"href":"https:\/\/pludmalesteniss.lv\/lv\/wp-json\/wp\/v2\/pages"}],"about":[{"href":"https:\/\/pludmalesteniss.lv\/lv\/wp-json\/wp\/v2\/types\/page"}],"author":[{"embeddable":true,"href":"https:\/\/pludmalesteniss.lv\/lv\/wp-json\/wp\/v2\/users\/1"}],"replies":[{"embeddable":true,"href":"https:\/\/pludmalesteniss.lv\/lv\/wp-json\/wp\/v2\/comments?post=2435"}],"version-history":[{"count":5,"href":"https:\/\/pludmalesteniss.lv\/lv\/wp-json\/wp\/v2\/pages\/2435\/revisions"}],"predecessor-version":[{"id":3400,"href":"https:\/\/pludmalesteniss.lv\/lv\/wp-json\/wp\/v2\/pages\/2435\/revisions\/3400"}],"wp:attachment":[{"href":"https:\/\/pludmalesteniss.lv\/lv\/wp-json\/wp\/v2\/media?parent=2435"}],"curies":[{"name":"wp","href":"https:\/\/api.w.org\/{rel}","templated":true}]}}