{"id":194,"date":"2024-05-17T17:25:45","date_gmt":"2024-05-17T14:25:45","guid":{"rendered":"https:\/\/pludmalesteniss.lv\/?page_id=194"},"modified":"2024-05-17T17:33:07","modified_gmt":"2024-05-17T14:33:07","slug":"par-pludmales-tenisu","status":"publish","type":"page","link":"https:\/\/pludmalesteniss.lv\/lv\/par-pludmales-tenisu\/","title":{"rendered":"Par pludmales tenisu"},"content":{"rendered":"\n<p>Pludmales teniss ir unik\u0101ls un dinamisks sporta veids, kas strauji iekaro popularit\u0101ti vis\u0101 pasaul\u0113. Tas ir aizraujo\u0161s tenisa un pludmales volejbola apvienojums, kas dal\u012bbniekiem pied\u0101v\u0101 ne tikai fiziskas aktivit\u0101tes, bet ar\u012b daudz jautr\u012bbas.<\/p>\n\n\n\n<h5 class=\"wp-block-heading\">Kas ir pludmales teniss?<\/h5>\n\n\n\n<p>Pludmales teniss ir sp\u0113le, ko sp\u0113l\u0113 uz smil\u0161aina seguma, parasti pludmal\u0113, ta\u010du to var sp\u0113l\u0113t ar\u012b \u012bpa\u0161i apr\u012bkotos kortos. Sp\u0113le tiek sp\u0113l\u0113ta ar raket\u0113m bez st\u012bg\u0101m un m\u012bkst\u0101m bumbi\u0146\u0101m, kas l\u012bdz\u012bgas tenisa bumbi\u0146\u0101m, bet ar maz\u0101ku spiedienu. Sp\u0113les m\u0113r\u0137is ir s\u016bt\u012bt bumbi\u0146u p\u0101ri t\u012bklam t\u0101, lai t\u0101 piezem\u0113tos pretinieka pus\u0113, vai piespiest pretinieku k\u013c\u016bd\u012bties.<\/p>\n\n\n\n<h5 class=\"wp-block-heading\">Sp\u0113l\u0113t\u0101ji un sp\u0113les form\u0101ts<\/h5>\n\n\n\n<p>Sp\u0113li var sp\u0113l\u0113t gan viensp\u0113\u013cu, gan dubultsp\u0113\u013cu form\u0101t\u0101, lai gan dubultsp\u0113les ir izplat\u012bt\u0101kas.<br>Dubultsp\u0113l\u0113s kort\u0101 ir divas komandas pa diviem sp\u0113l\u0113t\u0101jiem. S\u012bk\u0101k par noteikumiem <a href=\"https:\/\/pludmalesteniss.lv\/pludmales-tenisa-noteikumi\/\" data-type=\"page\" data-id=\"177\">\u0161eit<\/a>.<\/p>\n\n\n\n<h5 class=\"wp-block-heading\">V\u0113sture un att\u012bst\u012bba<\/h5>\n\n\n\n<p>Pludmales teniss aizs\u0101k\u0101s 20. gadsimta 70. gados It\u0101lijas pludmal\u0113s. Laika gait\u0101 \u0161is sporta veids k\u013cuva popul\u0101rs ar\u012b cit\u0101s valst\u012bs. Starptautisk\u0101 tenisa feder\u0101cija (ITF) 2008. gad\u0101 atzina pludmales tenisu par ofici\u0101lu sporta veidu, kas veicin\u0101ja t\u0101 t\u0101l\u0101ku att\u012bst\u012bbu un izplat\u012bbu vis\u0101 pasaul\u0113. S\u012bk\u0101k par v\u0113sturi <a href=\"https:\/\/pludmalesteniss.lv\/pludmales-tenisa-vesture\/\" data-type=\"page\" data-id=\"164\">\u0161eit<\/a>.<\/p>\n\n\n\n<h5 class=\"wp-block-heading\">Pludmales tenisa priek\u0161roc\u012bbas<\/h5>\n\n\n\n<p>Pludmales teniss apvieno fizisk\u0101s aktivit\u0101tes un jautr\u012bbu, ko sniedz sp\u0113le br\u012bv\u0101 dab\u0101. L\u016bk, da\u017ei no \u0161\u012b sporta veida ieguvumiem:<br>Fizisk\u0101 sagatavot\u012bba: sp\u0113le pal\u012bdz uztur\u0113t lielisku fizisko formu, att\u012bsta koordin\u0101ciju un iztur\u012bbu.<br>Soci\u0101lais aspekts: tas ir lielisks veids, k\u0101 pavad\u012bt laiku kop\u0101 ar draugiem un ieg\u016bt jaunas pazi\u0146as.<br>Pieejam\u012bba: sp\u0113lei nepiecie\u0161ams minim\u0101ls apr\u012bkojums, un laukumus var atrast daudz\u0101s pludmal\u0113s un sporta centros.<br>Jautr\u012bba un atp\u016bta: sp\u0113l\u0113\u0161ana pludmal\u0113 ar j\u016bras br\u012bze un saules stariem sniedz daudz pozit\u012bvu emociju.<\/p>\n\n\n\n<h5 class=\"wp-block-heading\">Popul\u0101ri turn\u012bri un sacens\u012bbas<\/h5>\n\n\n\n<p>M\u016bsdien\u0101s vis\u0101 pasaul\u0113 tiek r\u012bkoti daudzi pludmales tenisa turn\u012bri. Presti\u017e\u0101kie no tiem ir pasaules \u010dempion\u0101ti, kontinentu \u010dempion\u0101ti un valstu turn\u012bri. \u0160ie pas\u0101kumi pulc\u0113 lab\u0101kos sp\u0113l\u0113t\u0101jus un t\u016bksto\u0161iem skat\u012bt\u0101ju, radot aizraujo\u0161u atmosf\u0113ru un pal\u012bdzot populariz\u0113t \u0161o sporta veidu.<br>Pludmales teniss nav tikai sporta veids, tas ir dz\u012bvesveids, kas apvieno visu vecumu un sp\u0113ju cilv\u0113kus. Neatkar\u012bgi no t\u0101, vai esat profesion\u0101ls sportists vai tikai br\u012bvdabas entuziasts, pludmales teniss jums sniegs neaizmirstamu pieredzi un sp\u0113les prieku. Vair\u0101k par turn\u012briem <a href=\"https:\/\/pludmalesteniss.lv\/turnirs\/\" data-type=\"page\" data-id=\"79\">\u0161eit<\/a>.<\/p>\n","protected":false},"excerpt":{"rendered":"<p>Pludmales teniss ir unik\u0101ls un dinamisks sporta veids, kas strauji iekaro popularit\u0101ti vis\u0101 pasaul\u0113. Tas ir aizraujo\u0161s tenisa un pludmales volejbola apvienojums, kas dal\u012bbniekiem pied\u0101v\u0101 ne tikai fiziskas aktivit\u0101tes, bet ar\u012b daudz jautr\u012bbas. Kas ir pludmales teniss? Pludmales teniss ir sp\u0113le, ko sp\u0113l\u0113 uz smil\u0161aina seguma, parasti pludmal\u0113, ta\u010du to var sp\u0113l\u0113t ar\u012b \u012bpa\u0161i apr\u012bkotos&hellip;&nbsp;<a href=\"https:\/\/pludmalesteniss.lv\/lv\/par-pludmales-tenisu\/\" class=\"\" rel=\"bookmark\">Read More &raquo;<span class=\"screen-reader-text\">Par pludmales tenisu<\/span><\/a><\/p>\n","protected":false},"author":1,"featured_media":0,"parent":0,"menu_order":0,"comment_status":"closed","ping_status":"closed","template":"","meta":{"neve_meta_sidebar":"","neve_meta_container":"","neve_meta_enable_content_width":"","neve_meta_content_width":0,"neve_meta_title_alignment":"","neve_meta_author_avatar":"","neve_post_elements_order":"","neve_meta_disable_header":"","neve_meta_disable_footer":"","neve_meta_disable_title":"","footnotes":""},"class_list":["post-194","page","type-page","status-publish","hentry"],"yoast_head":"<!-- This site is optimized with the Yoast SEO plugin v23.0 - https:\/\/yoast.com\/wordpress\/plugins\/seo\/ -->\n<title>Par pludmales tenisu - PLUDMALES TENISS<\/title>\n<meta name=\"robots\" content=\"index, follow, max-snippet:-1, max-image-preview:large, max-video-preview:-1\" \/>\n<link rel=\"canonical\" href=\"https:\/\/pludmalesteniss.lv\/lv\/par-pludmales-tenisu\/\" \/>\n<meta property=\"og:locale\" content=\"lv_LV\" \/>\n<meta property=\"og:type\" content=\"article\" \/>\n<meta property=\"og:title\" content=\"Par pludmales tenisu - PLUDMALES TENISS\" \/>\n<meta property=\"og:description\" content=\"Pludmales teniss ir unik\u0101ls un dinamisks sporta veids, kas strauji iekaro popularit\u0101ti vis\u0101 pasaul\u0113. Tas ir aizraujo\u0161s tenisa un pludmales volejbola apvienojums, kas dal\u012bbniekiem pied\u0101v\u0101 ne tikai fiziskas aktivit\u0101tes, bet ar\u012b daudz jautr\u012bbas. Kas ir pludmales teniss? Pludmales teniss ir sp\u0113le, ko sp\u0113l\u0113 uz smil\u0161aina seguma, parasti pludmal\u0113, ta\u010du to var sp\u0113l\u0113t ar\u012b \u012bpa\u0161i apr\u012bkotos&hellip;&nbsp;Read More &raquo;Par pludmales tenisu\" \/>\n<meta property=\"og:url\" content=\"https:\/\/pludmalesteniss.lv\/lv\/par-pludmales-tenisu\/\" \/>\n<meta property=\"og:site_name\" content=\"PLUDMALES TENISS\" \/>\n<meta property=\"article:modified_time\" content=\"2024-05-17T14:33:07+00:00\" \/>\n<meta name=\"twitter:card\" content=\"summary_large_image\" \/>\n<meta name=\"twitter:label1\" content=\"Est. reading time\" \/>\n\t<meta name=\"twitter:data1\" content=\"2 min\u016btes\" \/>\n<script type=\"application\/ld+json\" class=\"yoast-schema-graph\">{\"@context\":\"https:\/\/schema.org\",\"@graph\":[{\"@type\":\"WebPage\",\"@id\":\"https:\/\/pludmalesteniss.lv\/par-pludmales-tenisu\/\",\"url\":\"https:\/\/pludmalesteniss.lv\/par-pludmales-tenisu\/\",\"name\":\"Par pludmales tenisu - PLUDMALES TENISS\",\"isPartOf\":{\"@id\":\"https:\/\/pludmalesteniss.lv\/#website\"},\"datePublished\":\"2024-05-17T14:25:45+00:00\",\"dateModified\":\"2024-05-17T14:33:07+00:00\",\"breadcrumb\":{\"@id\":\"https:\/\/pludmalesteniss.lv\/par-pludmales-tenisu\/#breadcrumb\"},\"inLanguage\":\"lv-LV\",\"potentialAction\":[{\"@type\":\"ReadAction\",\"target\":[\"https:\/\/pludmalesteniss.lv\/par-pludmales-tenisu\/\"]}]},{\"@type\":\"BreadcrumbList\",\"@id\":\"https:\/\/pludmalesteniss.lv\/par-pludmales-tenisu\/#breadcrumb\",\"itemListElement\":[{\"@type\":\"ListItem\",\"position\":1,\"name\":\"Home\",\"item\":\"https:\/\/pludmalesteniss.lv\/\"},{\"@type\":\"ListItem\",\"position\":2,\"name\":\"Par pludmales tenisu\"}]},{\"@type\":\"WebSite\",\"@id\":\"https:\/\/pludmalesteniss.lv\/#website\",\"url\":\"https:\/\/pludmalesteniss.lv\/\",\"name\":\"LATVIJAS PLUDMALES TENISS\",\"description\":\"Pludmales teniss Latvij\u0101\",\"publisher\":{\"@id\":\"https:\/\/pludmalesteniss.lv\/#organization\"},\"potentialAction\":[{\"@type\":\"SearchAction\",\"target\":{\"@type\":\"EntryPoint\",\"urlTemplate\":\"https:\/\/pludmalesteniss.lv\/?s={search_term_string}\"},\"query-input\":\"required name=search_term_string\"}],\"inLanguage\":\"lv-LV\"},{\"@type\":\"Organization\",\"@id\":\"https:\/\/pludmalesteniss.lv\/#organization\",\"name\":\"LATVIJAS PLUDMALES TENISS\",\"url\":\"https:\/\/pludmalesteniss.lv\/\",\"logo\":{\"@type\":\"ImageObject\",\"inLanguage\":\"lv-LV\",\"@id\":\"https:\/\/pludmalesteniss.lv\/#\/schema\/logo\/image\/\",\"url\":\"https:\/\/pludmalesteniss.lv\/wp-content\/uploads\/2024\/04\/cropped-logo1.jpg\",\"contentUrl\":\"https:\/\/pludmalesteniss.lv\/wp-content\/uploads\/2024\/04\/cropped-logo1.jpg\",\"width\":512,\"height\":512,\"caption\":\"LATVIJAS PLUDMALES TENISS\"},\"image\":{\"@id\":\"https:\/\/pludmalesteniss.lv\/#\/schema\/logo\/image\/\"}}]}<\/script>\n<!-- \/ Yoast SEO plugin. -->","yoast_head_json":{"title":"Par pludmales tenisu - PLUDMALES TENISS","robots":{"index":"index","follow":"follow","max-snippet":"max-snippet:-1","max-image-preview":"max-image-preview:large","max-video-preview":"max-video-preview:-1"},"canonical":"https:\/\/pludmalesteniss.lv\/lv\/par-pludmales-tenisu\/","og_locale":"lv_LV","og_type":"article","og_title":"Par pludmales tenisu - PLUDMALES TENISS","og_description":"Pludmales teniss ir unik\u0101ls un dinamisks sporta veids, kas strauji iekaro popularit\u0101ti vis\u0101 pasaul\u0113. Tas ir aizraujo\u0161s tenisa un pludmales volejbola apvienojums, kas dal\u012bbniekiem pied\u0101v\u0101 ne tikai fiziskas aktivit\u0101tes, bet ar\u012b daudz jautr\u012bbas. Kas ir pludmales teniss? Pludmales teniss ir sp\u0113le, ko sp\u0113l\u0113 uz smil\u0161aina seguma, parasti pludmal\u0113, ta\u010du to var sp\u0113l\u0113t ar\u012b \u012bpa\u0161i apr\u012bkotos&hellip;&nbsp;Read More &raquo;Par pludmales tenisu","og_url":"https:\/\/pludmalesteniss.lv\/lv\/par-pludmales-tenisu\/","og_site_name":"PLUDMALES TENISS","article_modified_time":"2024-05-17T14:33:07+00:00","twitter_card":"summary_large_image","twitter_misc":{"Est. reading time":"2 min\u016btes"},"schema":{"@context":"https:\/\/schema.org","@graph":[{"@type":"WebPage","@id":"https:\/\/pludmalesteniss.lv\/par-pludmales-tenisu\/","url":"https:\/\/pludmalesteniss.lv\/par-pludmales-tenisu\/","name":"Par pludmales tenisu - PLUDMALES TENISS","isPartOf":{"@id":"https:\/\/pludmalesteniss.lv\/#website"},"datePublished":"2024-05-17T14:25:45+00:00","dateModified":"2024-05-17T14:33:07+00:00","breadcrumb":{"@id":"https:\/\/pludmalesteniss.lv\/par-pludmales-tenisu\/#breadcrumb"},"inLanguage":"lv-LV","potentialAction":[{"@type":"ReadAction","target":["https:\/\/pludmalesteniss.lv\/par-pludmales-tenisu\/"]}]},{"@type":"BreadcrumbList","@id":"https:\/\/pludmalesteniss.lv\/par-pludmales-tenisu\/#breadcrumb","itemListElement":[{"@type":"ListItem","position":1,"name":"Home","item":"https:\/\/pludmalesteniss.lv\/"},{"@type":"ListItem","position":2,"name":"Par pludmales tenisu"}]},{"@type":"WebSite","@id":"https:\/\/pludmalesteniss.lv\/#website","url":"https:\/\/pludmalesteniss.lv\/","name":"LATVIJAS PLUDMALES TENISS","description":"Pludmales teniss Latvij\u0101","publisher":{"@id":"https:\/\/pludmalesteniss.lv\/#organization"},"potentialAction":[{"@type":"SearchAction","target":{"@type":"EntryPoint","urlTemplate":"https:\/\/pludmalesteniss.lv\/?s={search_term_string}"},"query-input":"required name=search_term_string"}],"inLanguage":"lv-LV"},{"@type":"Organization","@id":"https:\/\/pludmalesteniss.lv\/#organization","name":"LATVIJAS PLUDMALES TENISS","url":"https:\/\/pludmalesteniss.lv\/","logo":{"@type":"ImageObject","inLanguage":"lv-LV","@id":"https:\/\/pludmalesteniss.lv\/#\/schema\/logo\/image\/","url":"https:\/\/pludmalesteniss.lv\/wp-content\/uploads\/2024\/04\/cropped-logo1.jpg","contentUrl":"https:\/\/pludmalesteniss.lv\/wp-content\/uploads\/2024\/04\/cropped-logo1.jpg","width":512,"height":512,"caption":"LATVIJAS PLUDMALES TENISS"},"image":{"@id":"https:\/\/pludmalesteniss.lv\/#\/schema\/logo\/image\/"}}]}},"_links":{"self":[{"href":"https:\/\/pludmalesteniss.lv\/lv\/wp-json\/wp\/v2\/pages\/194","targetHints":{"allow":["GET"]}}],"collection":[{"href":"https:\/\/pludmalesteniss.lv\/lv\/wp-json\/wp\/v2\/pages"}],"about":[{"href":"https:\/\/pludmalesteniss.lv\/lv\/wp-json\/wp\/v2\/types\/page"}],"author":[{"embeddable":true,"href":"https:\/\/pludmalesteniss.lv\/lv\/wp-json\/wp\/v2\/users\/1"}],"replies":[{"embeddable":true,"href":"https:\/\/pludmalesteniss.lv\/lv\/wp-json\/wp\/v2\/comments?post=194"}],"version-history":[{"count":3,"href":"https:\/\/pludmalesteniss.lv\/lv\/wp-json\/wp\/v2\/pages\/194\/revisions"}],"predecessor-version":[{"id":207,"href":"https:\/\/pludmalesteniss.lv\/lv\/wp-json\/wp\/v2\/pages\/194\/revisions\/207"}],"wp:attachment":[{"href":"https:\/\/pludmalesteniss.lv\/lv\/wp-json\/wp\/v2\/media?parent=194"}],"curies":[{"name":"wp","href":"https:\/\/api.w.org\/{rel}","templated":true}]}}